{"id":405,"date":"2024-01-12T13:22:46","date_gmt":"2024-01-12T12:22:46","guid":{"rendered":"https:\/\/fundacionhumanismoyciencia.org\/?page_id=405"},"modified":"2025-07-10T15:29:42","modified_gmt":"2025-07-10T13:29:42","slug":"videos","status":"publish","type":"page","link":"https:\/\/fundacionhumanismoyciencia.org\/en\/videos\/","title":{"rendered":"V\u00eddeos"},"content":{"rendered":"\t\t<div data-elementor-type=\"wp-page\" data-elementor-id=\"405\" class=\"elementor elementor-405\" data-elementor-post-type=\"page\">\n\t\t\t\t<div class=\"elementor-element elementor-element-69b87b4 e-flex e-con-boxed e-con e-parent\" data-id=\"69b87b4\" data-element_type=\"container\" data-e-type=\"container\" data-settings=\"{&quot;background_background&quot;:&quot;classic&quot;}\">\n\t\t\t\t\t<div class=\"e-con-inner\">\n\t\t\t\t<div class=\"elementor-element elementor-element-e2f897b colortext elementor-widget elementor-widget-heading\" data-id=\"e2f897b\" data-element_type=\"widget\" data-e-type=\"widget\" data-widget_type=\"heading.default\">\n\t\t\t\t<div class=\"elementor-widget-container\">\n\t\t\t\t\t<h1 class=\"elementor-heading-title elementor-size-default\">V\u00cdDEOS<\/h1>\t\t\t\t<\/div>\n\t\t\t\t<\/div>\n\t\t\t\t\t<\/div>\n\t\t\t\t<\/div>\n\t\t<div class=\"elementor-element elementor-element-932a927 e-flex e-con-boxed e-con e-parent\" data-id=\"932a927\" data-element_type=\"container\" data-e-type=\"container\">\n\t\t\t\t\t<div class=\"e-con-inner\">\n\t\t<div class=\"elementor-element elementor-element-9a0d048 e-con-full e-flex e-con e-child\" data-id=\"9a0d048\" data-element_type=\"container\" data-e-type=\"container\">\n\t\t\t\t<div class=\"elementor-element elementor-element-07d7881 colortext elementor-widget__width-initial elementor-widget elementor-widget-heading\" data-id=\"07d7881\" data-element_type=\"widget\" data-e-type=\"widget\" data-widget_type=\"heading.default\">\n\t\t\t\t<div class=\"elementor-widget-container\">\n\t\t\t\t\t<h2 class=\"elementor-heading-title elementor-size-default\">V\u00eddeos de <span>la fundaci\u00f3n<\/span><\/h2>\t\t\t\t<\/div>\n\t\t\t\t<\/div>\n\t\t\t\t<\/div>\n\t\t<div class=\"elementor-element elementor-element-0d35392 e-con-full e-flex e-con e-child\" data-id=\"0d35392\" data-element_type=\"container\" data-e-type=\"container\">\n\t\t\t\t<div class=\"elementor-element elementor-element-fc9fa1e elementor-widget elementor-widget-text-editor\" data-id=\"fc9fa1e\" data-element_type=\"widget\" data-e-type=\"widget\" data-widget_type=\"text-editor.default\">\n\t\t\t\t<div class=\"elementor-widget-container\">\n\t\t\t\t\t\t\t\t\t<p>Con el objetivo de cumplir sus fines fundacionales, la Fundaci\u00f3n Humanismo y Ciencia promueve activamente la difusi\u00f3n de sus proyectos, iniciativas y resultados. En este espacio encontrar\u00e1s una selecci\u00f3n de v\u00eddeos que reflejan algunas de nuestras actividades m\u00e1s relevantes en el \u00e1mbito cient\u00edfico, educativo y social.<\/p>\t\t\t\t\t\t\t\t<\/div>\n\t\t\t\t<\/div>\n\t\t\t\t<\/div>\n\t\t\t\t\t<\/div>\n\t\t\t\t<\/div>\n\t\t<div class=\"elementor-element elementor-element-f1344cc e-flex e-con-boxed e-con e-parent\" data-id=\"f1344cc\" data-element_type=\"container\" data-e-type=\"container\" data-settings=\"{&quot;background_background&quot;:&quot;classic&quot;}\">\n\t\t\t\t\t<div class=\"e-con-inner\">\n\t\t\t\t<div class=\"elementor-element elementor-element-52684e3 elementor-widget elementor-widget-taxonomy-filter\" data-id=\"52684e3\" data-element_type=\"widget\" data-e-type=\"widget\" data-settings=\"{&quot;selected_element&quot;:&quot;447bb09&quot;,&quot;taxonomy&quot;:&quot;post_tag&quot;,&quot;horizontal_scroll&quot;:&quot;disable&quot;}\" data-widget_type=\"taxonomy-filter.default\">\n\t\t\t\t<div class=\"elementor-widget-container\">\n\t\t\t\t\t\t\t<search class=\"e-filter\" role=\"search\" data-base-url=\"https:\/\/fundacionhumanismoyciencia.org\/en\/\" data-page-num=\"1\">\n\t\t\t\t\t\t\t<button class=\"e-filter-item\" data-filter=\"becas\" aria-pressed=\"false\">Becas<\/button>\n\t\t\t\t\t\t\t<button class=\"e-filter-item\" data-filter=\"cursos-de-verano\" aria-pressed=\"false\">Cursos de verano<\/button>\n\t\t\t\t\t\t\t<button class=\"e-filter-item\" data-filter=\"mujer-y-ciencia\" aria-pressed=\"false\">Mujer y ciencia<\/button>\n\t\t\t\t\t\t\t<button class=\"e-filter-item\" data-filter=\"otros\" aria-pressed=\"false\">Otros<\/button>\n\t\t\t\t\t\t\t<button class=\"e-filter-item\" data-filter=\"semana-de-la-ciencia\" aria-pressed=\"false\">Semana de la ciencia<\/button>\n\t\t\t\t\t\t\t<button class=\"e-filter-item\" data-filter=\"ucm\" aria-pressed=\"false\">UCM<\/button>\n\t\t\t\n\t\t\t\t\t\t\t\t\t<button class=\"e-filter-item\" data-filter=\"__all\" aria-pressed=\"true\">\n\t\t\t\tTodos\t\t\t<\/button>\n\t\t\t\t\t<\/search>\n\t\t\t\t\t\t<\/div>\n\t\t\t\t<\/div>\n\t\t\t\t<div class=\"elementor-element elementor-element-447bb09 elementor-grid-3 elementor-grid-tablet-2 elementor-grid-mobile-1 elementor-widget elementor-widget-loop-grid\" data-id=\"447bb09\" data-element_type=\"widget\" data-e-type=\"widget\" data-settings=\"{&quot;template_id&quot;:&quot;1346&quot;,&quot;pagination_type&quot;:&quot;load_more_infinite_scroll&quot;,&quot;columns&quot;:3,&quot;_skin&quot;:&quot;post&quot;,&quot;columns_tablet&quot;:&quot;2&quot;,&quot;columns_mobile&quot;:&quot;1&quot;,&quot;edit_handle_selector&quot;:&quot;[data-elementor-type=\\&quot;loop-item\\&quot;]&quot;,&quot;load_more_spinner&quot;:{&quot;value&quot;:&quot;fas fa-spinner&quot;,&quot;library&quot;:&quot;fa-solid&quot;},&quot;row_gap&quot;:{&quot;unit&quot;:&quot;px&quot;,&quot;size&quot;:&quot;&quot;,&quot;sizes&quot;:[]},&quot;row_gap_widescreen&quot;:{&quot;unit&quot;:&quot;px&quot;,&quot;size&quot;:&quot;&quot;,&quot;sizes&quot;:[]},&quot;row_gap_laptop&quot;:{&quot;unit&quot;:&quot;px&quot;,&quot;size&quot;:&quot;&quot;,&quot;sizes&quot;:[]},&quot;row_gap_tablet&quot;:{&quot;unit&quot;:&quot;px&quot;,&quot;size&quot;:&quot;&quot;,&quot;sizes&quot;:[]},&quot;row_gap_mobile&quot;:{&quot;unit&quot;:&quot;px&quot;,&quot;size&quot;:&quot;&quot;,&quot;sizes&quot;:[]}}\" data-widget_type=\"loop-grid.post\">\n\t\t\t\t<div class=\"elementor-widget-container\">\n\t\t\t\t\t\t\t<div class=\"elementor-loop-container elementor-grid\" role=\"list\">\n\t\t<style id=\"loop-1346\">.elementor-1346 .elementor-element.elementor-element-9791467{--display:flex;--flex-direction:column;--container-widget-width:100%;--container-widget-height:initial;--container-widget-flex-grow:0;--container-widget-align-self:initial;--flex-wrap-mobile:wrap;}.elementor-1346 .elementor-element.elementor-element-f09ef0f .elementor-wrapper{--video-aspect-ratio:1.77777;}<\/style>\t\t<div data-elementor-type=\"loop-item\" data-elementor-id=\"1346\" class=\"elementor elementor-1346 e-loop-item e-loop-item-3808 post-3808 video type-video status-publish hentry tag-cursos-de-verano\" data-elementor-post-type=\"elementor_library\" data-custom-edit-handle=\"1\">\n\t\t\t<div class=\"elementor-element elementor-element-9791467 e-flex e-con-boxed e-con e-parent\" data-id=\"9791467\" data-element_type=\"container\" data-e-type=\"container\">\n\t\t\t\t\t<div class=\"e-con-inner\">\n\t\t\t\t<div class=\"elementor-element elementor-element-f09ef0f elementor-widget elementor-widget-video\" data-id=\"f09ef0f\" data-element_type=\"widget\" data-e-type=\"widget\" data-settings=\"{&quot;youtube_url&quot;:&quot;https:\\\/\\\/youtu.be\\\/p_7n5afRN-c&quot;,&quot;video_type&quot;:&quot;youtube&quot;,&quot;controls&quot;:&quot;yes&quot;}\" data-widget_type=\"video.default\">\n\t\t\t\t<div class=\"elementor-widget-container\">\n\t\t\t\t\t\t\t<div class=\"elementor-wrapper elementor-open-inline\">\n\t\t\t<div class=\"elementor-video\"><\/div>\t\t<\/div>\n\t\t\t\t\t\t<\/div>\n\t\t\t\t<\/div>\n\t\t\t\t\t<\/div>\n\t\t\t\t<\/div>\n\t\t\t\t<\/div>\n\t\t\t\t<div data-elementor-type=\"loop-item\" data-elementor-id=\"1346\" class=\"elementor elementor-1346 e-loop-item e-loop-item-3867 post-3867 video type-video status-publish hentry tag-cursos-de-verano\" data-elementor-post-type=\"elementor_library\" data-custom-edit-handle=\"1\">\n\t\t\t<div class=\"elementor-element elementor-element-9791467 e-flex e-con-boxed e-con e-parent\" data-id=\"9791467\" data-element_type=\"container\" data-e-type=\"container\">\n\t\t\t\t\t<div class=\"e-con-inner\">\n\t\t\t\t<div class=\"elementor-element elementor-element-f09ef0f elementor-widget elementor-widget-video\" data-id=\"f09ef0f\" data-element_type=\"widget\" data-e-type=\"widget\" data-settings=\"{&quot;youtube_url&quot;:&quot;https:\\\/\\\/youtu.be\\\/elU6SfOQawE&quot;,&quot;video_type&quot;:&quot;youtube&quot;,&quot;controls&quot;:&quot;yes&quot;}\" data-widget_type=\"video.default\">\n\t\t\t\t<div class=\"elementor-widget-container\">\n\t\t\t\t\t\t\t<div class=\"elementor-wrapper elementor-open-inline\">\n\t\t\t<div class=\"elementor-video\"><\/div>\t\t<\/div>\n\t\t\t\t\t\t<\/div>\n\t\t\t\t<\/div>\n\t\t\t\t\t<\/div>\n\t\t\t\t<\/div>\n\t\t\t\t<\/div>\n\t\t\t\t<div data-elementor-type=\"loop-item\" data-elementor-id=\"1346\" class=\"elementor elementor-1346 e-loop-item e-loop-item-3868 post-3868 video type-video status-publish hentry tag-cursos-de-verano\" data-elementor-post-type=\"elementor_library\" data-custom-edit-handle=\"1\">\n\t\t\t<div class=\"elementor-element elementor-element-9791467 e-flex e-con-boxed e-con e-parent\" data-id=\"9791467\" data-element_type=\"container\" data-e-type=\"container\">\n\t\t\t\t\t<div class=\"e-con-inner\">\n\t\t\t\t<div class=\"elementor-element elementor-element-f09ef0f elementor-widget elementor-widget-video\" data-id=\"f09ef0f\" data-element_type=\"widget\" data-e-type=\"widget\" data-settings=\"{&quot;youtube_url&quot;:&quot;https:\\\/\\\/youtu.be\\\/KJTucYSpUY0&quot;,&quot;video_type&quot;:&quot;youtube&quot;,&quot;controls&quot;:&quot;yes&quot;}\" data-widget_type=\"video.default\">\n\t\t\t\t<div class=\"elementor-widget-container\">\n\t\t\t\t\t\t\t<div class=\"elementor-wrapper elementor-open-inline\">\n\t\t\t<div class=\"elementor-video\"><\/div>\t\t<\/div>\n\t\t\t\t\t\t<\/div>\n\t\t\t\t<\/div>\n\t\t\t\t\t<\/div>\n\t\t\t\t<\/div>\n\t\t\t\t<\/div>\n\t\t\t\t<div data-elementor-type=\"loop-item\" data-elementor-id=\"1346\" class=\"elementor elementor-1346 e-loop-item e-loop-item-3806 post-3806 video type-video status-publish hentry tag-cursos-de-verano\" data-elementor-post-type=\"elementor_library\" data-custom-edit-handle=\"1\">\n\t\t\t<div class=\"elementor-element elementor-element-9791467 e-flex e-con-boxed e-con e-parent\" data-id=\"9791467\" data-element_type=\"container\" data-e-type=\"container\">\n\t\t\t\t\t<div class=\"e-con-inner\">\n\t\t\t\t<div class=\"elementor-element elementor-element-f09ef0f elementor-widget elementor-widget-video\" data-id=\"f09ef0f\" data-element_type=\"widget\" data-e-type=\"widget\" data-settings=\"{&quot;youtube_url&quot;:&quot;https:\\\/\\\/youtu.be\\\/tC-rNZsiDvM&quot;,&quot;video_type&quot;:&quot;youtube&quot;,&quot;controls&quot;:&quot;yes&quot;}\" data-widget_type=\"video.default\">\n\t\t\t\t<div class=\"elementor-widget-container\">\n\t\t\t\t\t\t\t<div class=\"elementor-wrapper elementor-open-inline\">\n\t\t\t<div class=\"elementor-video\"><\/div>\t\t<\/div>\n\t\t\t\t\t\t<\/div>\n\t\t\t\t<\/div>\n\t\t\t\t\t<\/div>\n\t\t\t\t<\/div>\n\t\t\t\t<\/div>\n\t\t\t\t<div data-elementor-type=\"loop-item\" data-elementor-id=\"1346\" class=\"elementor elementor-1346 e-loop-item e-loop-item-3869 post-3869 video type-video status-publish hentry tag-cursos-de-verano\" data-elementor-post-type=\"elementor_library\" data-custom-edit-handle=\"1\">\n\t\t\t<div class=\"elementor-element elementor-element-9791467 e-flex e-con-boxed e-con e-parent\" data-id=\"9791467\" data-element_type=\"container\" data-e-type=\"container\">\n\t\t\t\t\t<div class=\"e-con-inner\">\n\t\t\t\t<div class=\"elementor-element elementor-element-f09ef0f elementor-widget elementor-widget-video\" data-id=\"f09ef0f\" data-element_type=\"widget\" data-e-type=\"widget\" data-settings=\"{&quot;youtube_url&quot;:&quot;https:\\\/\\\/youtu.be\\\/l8wNS6uAnNQ&quot;,&quot;video_type&quot;:&quot;youtube&quot;,&quot;controls&quot;:&quot;yes&quot;}\" data-widget_type=\"video.default\">\n\t\t\t\t<div class=\"elementor-widget-container\">\n\t\t\t\t\t\t\t<div class=\"elementor-wrapper elementor-open-inline\">\n\t\t\t<div class=\"elementor-video\"><\/div>\t\t<\/div>\n\t\t\t\t\t\t<\/div>\n\t\t\t\t<\/div>\n\t\t\t\t\t<\/div>\n\t\t\t\t<\/div>\n\t\t\t\t<\/div>\n\t\t\t\t<div data-elementor-type=\"loop-item\" data-elementor-id=\"1346\" class=\"elementor elementor-1346 e-loop-item e-loop-item-3342 post-3342 video type-video status-publish hentry tag-cursos-de-verano\" data-elementor-post-type=\"elementor_library\" data-custom-edit-handle=\"1\">\n\t\t\t<div class=\"elementor-element elementor-element-9791467 e-flex e-con-boxed e-con e-parent\" data-id=\"9791467\" data-element_type=\"container\" data-e-type=\"container\">\n\t\t\t\t\t<div class=\"e-con-inner\">\n\t\t\t\t<div class=\"elementor-element elementor-element-f09ef0f elementor-widget elementor-widget-video\" data-id=\"f09ef0f\" data-element_type=\"widget\" data-e-type=\"widget\" data-settings=\"{&quot;youtube_url&quot;:&quot;https:\\\/\\\/youtu.be\\\/NBO-HZyyD28&quot;,&quot;video_type&quot;:&quot;youtube&quot;,&quot;controls&quot;:&quot;yes&quot;}\" data-widget_type=\"video.default\">\n\t\t\t\t<div class=\"elementor-widget-container\">\n\t\t\t\t\t\t\t<div class=\"elementor-wrapper elementor-open-inline\">\n\t\t\t<div class=\"elementor-video\"><\/div>\t\t<\/div>\n\t\t\t\t\t\t<\/div>\n\t\t\t\t<\/div>\n\t\t\t\t\t<\/div>\n\t\t\t\t<\/div>\n\t\t\t\t<\/div>\n\t\t\t\t<\/div>\n\t\t\t\t\t<span class=\"e-load-more-spinner\">\n\t\t\t\t<svg aria-hidden=\"true\" class=\"e-font-icon-svg e-fas-spinner\" viewBox=\"0 0 512 512\" xmlns=\"http:\/\/www.w3.org\/2000\/svg\"><path d=\"M304 48c0 26.51-21.49 48-48 48s-48-21.49-48-48 21.49-48 48-48 48 21.49 48 48zm-48 368c-26.51 0-48 21.49-48 48s21.49 48 48 48 48-21.49 48-48-21.49-48-48-48zm208-208c-26.51 0-48 21.49-48 48s21.49 48 48 48 48-21.49 48-48-21.49-48-48-48zM96 256c0-26.51-21.49-48-48-48S0 229.49 0 256s21.49 48 48 48 48-21.49 48-48zm12.922 99.078c-26.51 0-48 21.49-48 48s21.49 48 48 48 48-21.49 48-48c0-26.509-21.491-48-48-48zm294.156 0c-26.51 0-48 21.49-48 48s21.49 48 48 48 48-21.49 48-48c0-26.509-21.49-48-48-48zM108.922 60.922c-26.51 0-48 21.49-48 48s21.49 48 48 48 48-21.49 48-48-21.491-48-48-48z\"><\/path><\/svg>\t\t\t<\/span>\n\t\t\n\t\t\t\t<div class=\"e-load-more-anchor\" data-page=\"1\" data-max-page=\"6\" data-next-page=\"https:\/\/fundacionhumanismoyciencia.org\/en\/wp-json\/wp\/v2\/pages\/405\/page\/2\/\"><\/div>\n\t\t\t\t<div class=\"e-load-more-message\"><\/div>\n\t\t\t\t\t\t<\/div>\n\t\t\t\t<\/div>\n\t\t\t\t\t<\/div>\n\t\t\t\t<\/div>\n\t\t\t\t<\/div>\n\t\t","protected":false},"excerpt":{"rendered":"<p>V\u00cdDEOS V\u00eddeos de la fundaci\u00f3n Con el objetivo de cumplir sus fines fundacionales, la Fundaci\u00f3n Humanismo y Ciencia promueve activamente la difusi\u00f3n de sus proyectos, iniciativas y resultados. En este espacio encontrar\u00e1s una selecci\u00f3n de v\u00eddeos que reflejan algunas de nuestras actividades m\u00e1s relevantes en el \u00e1mbito cient\u00edfico, educativo y social. Becas Cursos de verano [&hellip;]<\/p>\n","protected":false},"author":1,"featured_media":0,"parent":0,"menu_order":0,"comment_status":"closed","ping_status":"closed","template":"","meta":{"_acf_changed":false,"footnotes":""},"class_list":["post-405","page","type-page","status-publish","hentry"],"acf":[],"yoast_head":"<!-- This site is optimized with the Yoast SEO plugin v27.1.1 - https:\/\/yoast.com\/product\/yoast-seo-wordpress\/ -->\n<title>V\u00eddeos | Fundaci\u00f3n humanismo y ciencia<\/title>\n<meta name=\"description\" content=\"Descubre charlas inspiradoras, eventos destacados y entrevistas con expertos en ciencia y sociedad. \u00a1Disfruta de nuestros videos!\" \/>\n<meta name=\"robots\" content=\"index, follow, max-snippet:-1, max-image-preview:large, max-video-preview:-1\" \/>\n<link rel=\"canonical\" href=\"https:\/\/fundacionhumanismoyciencia.org\/en\/videos\/\" \/>\n<meta property=\"og:locale\" content=\"en_GB\" \/>\n<meta property=\"og:type\" content=\"article\" \/>\n<meta property=\"og:title\" content=\"V\u00eddeos | Fundaci\u00f3n humanismo y ciencia\" \/>\n<meta property=\"og:description\" content=\"Descubre charlas inspiradoras, eventos destacados y entrevistas con expertos en ciencia y sociedad. \u00a1Disfruta de nuestros videos!\" \/>\n<meta property=\"og:url\" content=\"https:\/\/fundacionhumanismoyciencia.org\/en\/videos\/\" \/>\n<meta property=\"og:site_name\" content=\"Fundaci\u00f3n humanismo y ciencia\" \/>\n<meta property=\"article:publisher\" content=\"https:\/\/www.facebook.com\/fundacionhumanismoyciencia\" \/>\n<meta property=\"article:modified_time\" content=\"2025-07-10T13:29:42+00:00\" \/>\n<meta name=\"twitter:card\" content=\"summary_large_image\" \/>\n<meta name=\"twitter:label1\" content=\"Estimated reading time\" \/>\n\t<meta name=\"twitter:data1\" content=\"1 minute\" \/>\n<script type=\"application\/ld+json\" class=\"yoast-schema-graph\">{\"@context\":\"https:\/\/schema.org\",\"@graph\":[{\"@type\":\"WebPage\",\"@id\":\"https:\/\/fundacionhumanismoyciencia.org\/videos\/\",\"url\":\"https:\/\/fundacionhumanismoyciencia.org\/videos\/\",\"name\":\"V\u00eddeos | Fundaci\u00f3n humanismo y ciencia\",\"isPartOf\":{\"@id\":\"https:\/\/fundacionhumanismoyciencia.org\/#website\"},\"datePublished\":\"2024-01-12T12:22:46+00:00\",\"dateModified\":\"2025-07-10T13:29:42+00:00\",\"description\":\"Descubre charlas inspiradoras, eventos destacados y entrevistas con expertos en ciencia y sociedad. \u00a1Disfruta de nuestros videos!\",\"breadcrumb\":{\"@id\":\"https:\/\/fundacionhumanismoyciencia.org\/videos\/#breadcrumb\"},\"inLanguage\":\"en-GB\",\"potentialAction\":[{\"@type\":\"ReadAction\",\"target\":[\"https:\/\/fundacionhumanismoyciencia.org\/videos\/\"]}]},{\"@type\":\"BreadcrumbList\",\"@id\":\"https:\/\/fundacionhumanismoyciencia.org\/videos\/#breadcrumb\",\"itemListElement\":[{\"@type\":\"ListItem\",\"position\":1,\"name\":\"Portada\",\"item\":\"https:\/\/fundacionhumanismoyciencia.org\/\"},{\"@type\":\"ListItem\",\"position\":2,\"name\":\"V\u00eddeos\"}]},{\"@type\":\"WebSite\",\"@id\":\"https:\/\/fundacionhumanismoyciencia.org\/#website\",\"url\":\"https:\/\/fundacionhumanismoyciencia.org\/\",\"name\":\"Fundaci\u00f3n humanismo y ciencia\",\"description\":\"\",\"publisher\":{\"@id\":\"https:\/\/fundacionhumanismoyciencia.org\/#organization\"},\"potentialAction\":[{\"@type\":\"SearchAction\",\"target\":{\"@type\":\"EntryPoint\",\"urlTemplate\":\"https:\/\/fundacionhumanismoyciencia.org\/?s={search_term_string}\"},\"query-input\":{\"@type\":\"PropertyValueSpecification\",\"valueRequired\":true,\"valueName\":\"search_term_string\"}}],\"inLanguage\":\"en-GB\"},{\"@type\":\"Organization\",\"@id\":\"https:\/\/fundacionhumanismoyciencia.org\/#organization\",\"name\":\"Fundaci\u00f3n humanismo y ciencia\",\"url\":\"https:\/\/fundacionhumanismoyciencia.org\/\",\"logo\":{\"@type\":\"ImageObject\",\"inLanguage\":\"en-GB\",\"@id\":\"https:\/\/fundacionhumanismoyciencia.org\/#\/schema\/logo\/image\/\",\"url\":\"https:\/\/fundacionhumanismoyciencia.org\/wp-content\/uploads\/2024\/01\/Logo_Cabecera_15.png\",\"contentUrl\":\"https:\/\/fundacionhumanismoyciencia.org\/wp-content\/uploads\/2024\/01\/Logo_Cabecera_15.png\",\"width\":504,\"height\":76,\"caption\":\"Fundaci\u00f3n humanismo y ciencia\"},\"image\":{\"@id\":\"https:\/\/fundacionhumanismoyciencia.org\/#\/schema\/logo\/image\/\"},\"sameAs\":[\"https:\/\/www.facebook.com\/fundacionhumanismoyciencia\",\"https:\/\/www.instagram.com\/fundacionhumanismoyciencia_\/\",\"https:\/\/www.linkedin.com\/company\/fundacion-humanismo-y-ciencia\/\",\"https:\/\/www.youtube.com\/@fundacion_humanismo_ciencia\"]}]}<\/script>\n<!-- \/ Yoast SEO plugin. -->","yoast_head_json":{"title":"V\u00eddeos | Fundaci\u00f3n humanismo y ciencia","description":"Descubre charlas inspiradoras, eventos destacados y entrevistas con expertos en ciencia y sociedad. \u00a1Disfruta de nuestros videos!","robots":{"index":"index","follow":"follow","max-snippet":"max-snippet:-1","max-image-preview":"max-image-preview:large","max-video-preview":"max-video-preview:-1"},"canonical":"https:\/\/fundacionhumanismoyciencia.org\/en\/videos\/","og_locale":"en_GB","og_type":"article","og_title":"V\u00eddeos | Fundaci\u00f3n humanismo y ciencia","og_description":"Descubre charlas inspiradoras, eventos destacados y entrevistas con expertos en ciencia y sociedad. \u00a1Disfruta de nuestros videos!","og_url":"https:\/\/fundacionhumanismoyciencia.org\/en\/videos\/","og_site_name":"Fundaci\u00f3n humanismo y ciencia","article_publisher":"https:\/\/www.facebook.com\/fundacionhumanismoyciencia","article_modified_time":"2025-07-10T13:29:42+00:00","twitter_card":"summary_large_image","twitter_misc":{"Estimated reading time":"1 minute"},"schema":{"@context":"https:\/\/schema.org","@graph":[{"@type":"WebPage","@id":"https:\/\/fundacionhumanismoyciencia.org\/videos\/","url":"https:\/\/fundacionhumanismoyciencia.org\/videos\/","name":"V\u00eddeos | Fundaci\u00f3n humanismo y ciencia","isPartOf":{"@id":"https:\/\/fundacionhumanismoyciencia.org\/#website"},"datePublished":"2024-01-12T12:22:46+00:00","dateModified":"2025-07-10T13:29:42+00:00","description":"Descubre charlas inspiradoras, eventos destacados y entrevistas con expertos en ciencia y sociedad. \u00a1Disfruta de nuestros videos!","breadcrumb":{"@id":"https:\/\/fundacionhumanismoyciencia.org\/videos\/#breadcrumb"},"inLanguage":"en-GB","potentialAction":[{"@type":"ReadAction","target":["https:\/\/fundacionhumanismoyciencia.org\/videos\/"]}]},{"@type":"BreadcrumbList","@id":"https:\/\/fundacionhumanismoyciencia.org\/videos\/#breadcrumb","itemListElement":[{"@type":"ListItem","position":1,"name":"Portada","item":"https:\/\/fundacionhumanismoyciencia.org\/"},{"@type":"ListItem","position":2,"name":"V\u00eddeos"}]},{"@type":"WebSite","@id":"https:\/\/fundacionhumanismoyciencia.org\/#website","url":"https:\/\/fundacionhumanismoyciencia.org\/","name":"Fundaci\u00f3n humanismo y ciencia","description":"","publisher":{"@id":"https:\/\/fundacionhumanismoyciencia.org\/#organization"},"potentialAction":[{"@type":"SearchAction","target":{"@type":"EntryPoint","urlTemplate":"https:\/\/fundacionhumanismoyciencia.org\/?s={search_term_string}"},"query-input":{"@type":"PropertyValueSpecification","valueRequired":true,"valueName":"search_term_string"}}],"inLanguage":"en-GB"},{"@type":"Organization","@id":"https:\/\/fundacionhumanismoyciencia.org\/#organization","name":"Fundaci\u00f3n humanismo y ciencia","url":"https:\/\/fundacionhumanismoyciencia.org\/","logo":{"@type":"ImageObject","inLanguage":"en-GB","@id":"https:\/\/fundacionhumanismoyciencia.org\/#\/schema\/logo\/image\/","url":"https:\/\/fundacionhumanismoyciencia.org\/wp-content\/uploads\/2024\/01\/Logo_Cabecera_15.png","contentUrl":"https:\/\/fundacionhumanismoyciencia.org\/wp-content\/uploads\/2024\/01\/Logo_Cabecera_15.png","width":504,"height":76,"caption":"Fundaci\u00f3n humanismo y ciencia"},"image":{"@id":"https:\/\/fundacionhumanismoyciencia.org\/#\/schema\/logo\/image\/"},"sameAs":["https:\/\/www.facebook.com\/fundacionhumanismoyciencia","https:\/\/www.instagram.com\/fundacionhumanismoyciencia_\/","https:\/\/www.linkedin.com\/company\/fundacion-humanismo-y-ciencia\/","https:\/\/www.youtube.com\/@fundacion_humanismo_ciencia"]}]}},"_links":{"self":[{"href":"https:\/\/fundacionhumanismoyciencia.org\/en\/wp-json\/wp\/v2\/pages\/405","targetHints":{"allow":["GET"]}}],"collection":[{"href":"https:\/\/fundacionhumanismoyciencia.org\/en\/wp-json\/wp\/v2\/pages"}],"about":[{"href":"https:\/\/fundacionhumanismoyciencia.org\/en\/wp-json\/wp\/v2\/types\/page"}],"author":[{"embeddable":true,"href":"https:\/\/fundacionhumanismoyciencia.org\/en\/wp-json\/wp\/v2\/users\/1"}],"replies":[{"embeddable":true,"href":"https:\/\/fundacionhumanismoyciencia.org\/en\/wp-json\/wp\/v2\/comments?post=405"}],"version-history":[{"count":82,"href":"https:\/\/fundacionhumanismoyciencia.org\/en\/wp-json\/wp\/v2\/pages\/405\/revisions"}],"predecessor-version":[{"id":3863,"href":"https:\/\/fundacionhumanismoyciencia.org\/en\/wp-json\/wp\/v2\/pages\/405\/revisions\/3863"}],"wp:attachment":[{"href":"https:\/\/fundacionhumanismoyciencia.org\/en\/wp-json\/wp\/v2\/media?parent=405"}],"curies":[{"name":"wp","href":"https:\/\/api.w.org\/{rel}","templated":true}]}}