{"id":385,"date":"2024-01-12T13:17:58","date_gmt":"2024-01-12T12:17:58","guid":{"rendered":"https:\/\/fundacionhumanismoyciencia.org\/?page_id=385"},"modified":"2025-04-02T10:34:35","modified_gmt":"2025-04-02T08:34:35","slug":"contacto","status":"publish","type":"page","link":"https:\/\/fundacionhumanismoyciencia.org\/en\/contacto\/","title":{"rendered":"Contact"},"content":{"rendered":"\t\t<div data-elementor-type=\"wp-page\" data-elementor-id=\"385\" class=\"elementor elementor-385\" data-elementor-post-type=\"page\">\n\t\t\t\t<div class=\"elementor-element elementor-element-7cfe4ca e-flex e-con-boxed e-con e-parent\" data-id=\"7cfe4ca\" data-element_type=\"container\" data-e-type=\"container\" data-settings=\"{&quot;background_background&quot;:&quot;classic&quot;}\">\n\t\t\t\t\t<div class=\"e-con-inner\">\n\t\t\t\t<div class=\"elementor-element elementor-element-286fe26 colortext elementor-widget elementor-widget-heading\" data-id=\"286fe26\" data-element_type=\"widget\" data-e-type=\"widget\" data-widget_type=\"heading.default\">\n\t\t\t\t<div class=\"elementor-widget-container\">\n\t\t\t\t\t<h1 class=\"elementor-heading-title elementor-size-default\">CONTACTO<\/h1>\t\t\t\t<\/div>\n\t\t\t\t<\/div>\n\t\t\t\t\t<\/div>\n\t\t\t\t<\/div>\n\t\t<div class=\"elementor-element elementor-element-d4b1af1 e-flex e-con-boxed e-con e-parent\" data-id=\"d4b1af1\" data-element_type=\"container\" data-e-type=\"container\">\n\t\t\t\t\t<div class=\"e-con-inner\">\n\t\t<div class=\"elementor-element elementor-element-257f204 e-flex e-con-boxed e-con e-child\" data-id=\"257f204\" data-element_type=\"container\" data-e-type=\"container\">\n\t\t\t\t\t<div class=\"e-con-inner\">\n\t\t\t\t<div class=\"elementor-element elementor-element-444d5d0 colortext elementor-invisible elementor-widget elementor-widget-heading\" data-id=\"444d5d0\" data-element_type=\"widget\" data-e-type=\"widget\" data-settings=\"{&quot;_animation&quot;:&quot;fadeInDown&quot;}\" data-widget_type=\"heading.default\">\n\t\t\t\t<div class=\"elementor-widget-container\">\n\t\t\t\t\t<h2 class=\"elementor-heading-title elementor-size-default\">Contacto directo con FHC<\/h2>\t\t\t\t<\/div>\n\t\t\t\t<\/div>\n\t\t\t\t<div class=\"elementor-element elementor-element-6dc3ceb elementor-icon-list--layout-traditional elementor-list-item-link-full_width elementor-widget elementor-widget-icon-list\" data-id=\"6dc3ceb\" data-element_type=\"widget\" data-e-type=\"widget\" data-widget_type=\"icon-list.default\">\n\t\t\t\t<div class=\"elementor-widget-container\">\n\t\t\t\t\t\t\t<ul class=\"elementor-icon-list-items\">\n\t\t\t\t\t\t\t<li class=\"elementor-icon-list-item\">\n\t\t\t\t\t\t\t\t\t\t\t<a href=\"mailto:info@fundacionhumanismoyciencia.org\">\n\n\t\t\t\t\t\t\t\t\t\t\t\t<span class=\"elementor-icon-list-icon\">\n\t\t\t\t\t\t\t<svg aria-hidden=\"true\" class=\"e-font-icon-svg e-fas-envelope\" viewBox=\"0 0 512 512\" xmlns=\"http:\/\/www.w3.org\/2000\/svg\"><path d=\"M502.3 190.8c3.9-3.1 9.7-.2 9.7 4.7V400c0 26.5-21.5 48-48 48H48c-26.5 0-48-21.5-48-48V195.6c0-5 5.7-7.8 9.7-4.7 22.4 17.4 52.1 39.5 154.1 113.6 21.1 15.4 56.7 47.8 92.2 47.6 35.7.3 72-32.8 92.3-47.6 102-74.1 131.6-96.3 154-113.7zM256 320c23.2.4 56.6-29.2 73.4-41.4 132.7-96.3 142.8-104.7 173.4-128.7 5.8-4.5 9.2-11.5 9.2-18.9v-19c0-26.5-21.5-48-48-48H48C21.5 64 0 85.5 0 112v19c0 7.4 3.4 14.3 9.2 18.9 30.6 23.9 40.7 32.4 173.4 128.7 16.8 12.2 50.2 41.8 73.4 41.4z\"><\/path><\/svg>\t\t\t\t\t\t<\/span>\n\t\t\t\t\t\t\t\t\t\t<span class=\"elementor-icon-list-text\">info@fundacionhumanismoyciencia.org<\/span>\n\t\t\t\t\t\t\t\t\t\t\t<\/a>\n\t\t\t\t\t\t\t\t\t<\/li>\n\t\t\t\t\t\t\t\t<li class=\"elementor-icon-list-item\">\n\t\t\t\t\t\t\t\t\t\t\t<a href=\"tel:+34914550190\">\n\n\t\t\t\t\t\t\t\t\t\t\t\t<span class=\"elementor-icon-list-icon\">\n\t\t\t\t\t\t\t<svg aria-hidden=\"true\" class=\"e-font-icon-svg e-fas-phone-alt\" viewBox=\"0 0 512 512\" xmlns=\"http:\/\/www.w3.org\/2000\/svg\"><path d=\"M497.39 361.8l-112-48a24 24 0 0 0-28 6.9l-49.6 60.6A370.66 370.66 0 0 1 130.6 204.11l60.6-49.6a23.94 23.94 0 0 0 6.9-28l-48-112A24.16 24.16 0 0 0 122.6.61l-104 24A24 24 0 0 0 0 48c0 256.5 207.9 464 464 464a24 24 0 0 0 23.4-18.6l24-104a24.29 24.29 0 0 0-14.01-27.6z\"><\/path><\/svg>\t\t\t\t\t\t<\/span>\n\t\t\t\t\t\t\t\t\t\t<span class=\"elementor-icon-list-text\">914 550 190<\/span>\n\t\t\t\t\t\t\t\t\t\t\t<\/a>\n\t\t\t\t\t\t\t\t\t<\/li>\n\t\t\t\t\t\t<\/ul>\n\t\t\t\t\t\t<\/div>\n\t\t\t\t<\/div>\n\t\t\t\t<div class=\"elementor-element elementor-element-7103c2a elementor-widget elementor-widget-text-editor\" data-id=\"7103c2a\" data-element_type=\"widget\" data-e-type=\"widget\" data-widget_type=\"text-editor.default\">\n\t\t\t\t<div class=\"elementor-widget-container\">\n\t\t\t\t\t\t\t\t\t<p>Cont\u00e1ctanos a la Fundaci\u00f3n Humanismo y Ciencia. Estamos aqu\u00ed para responder tus preguntas y recibir tus comentarios. \u00danete a nuestra comunidad comprometida con el progreso humano y el desarrollo cient\u00edfico.<\/p>\t\t\t\t\t\t\t\t<\/div>\n\t\t\t\t<\/div>\n\t\t\t\t<div class=\"elementor-element elementor-element-bbad1f8 colortext elementor-invisible elementor-widget elementor-widget-heading\" data-id=\"bbad1f8\" data-element_type=\"widget\" data-e-type=\"widget\" data-settings=\"{&quot;_animation&quot;:&quot;fadeInUp&quot;}\" data-widget_type=\"heading.default\">\n\t\t\t\t<div class=\"elementor-widget-container\">\n\t\t\t\t\t<h4 class=\"elementor-heading-title elementor-size-default\">Formulario Web<\/h4>\t\t\t\t<\/div>\n\t\t\t\t<\/div>\n\t\t\t\t<div class=\"elementor-element elementor-element-dd8194e elementor-button-align-start elementor-widget elementor-widget-form\" data-id=\"dd8194e\" data-element_type=\"widget\" data-e-type=\"widget\" data-settings=\"{&quot;step_next_label&quot;:&quot;Siguiente&quot;,&quot;step_previous_label&quot;:&quot;Anterior&quot;,&quot;button_width&quot;:&quot;100&quot;,&quot;step_type&quot;:&quot;number_text&quot;,&quot;step_icon_shape&quot;:&quot;circle&quot;}\" data-widget_type=\"form.default\">\n\t\t\t\t<div class=\"elementor-widget-container\">\n\t\t\t\t\t\t\t<form class=\"elementor-form\" method=\"post\" name=\"Formulario Web\" aria-label=\"Formulario Web\">\n\t\t\t<input type=\"hidden\" name=\"post_id\" value=\"385\"\/>\n\t\t\t<input type=\"hidden\" name=\"form_id\" value=\"dd8194e\"\/>\n\t\t\t<input type=\"hidden\" name=\"referer_title\" value=\"Contacto - Fundaci\u00f3n humanismo y ciencia\" \/>\n\n\t\t\t\t\t\t\t<input type=\"hidden\" name=\"queried_id\" value=\"385\"\/>\n\t\t\t\n\t\t\t<div class=\"elementor-form-fields-wrapper elementor-labels-\">\n\t\t\t\t\t\t\t\t<div class=\"elementor-field-type-text elementor-field-group elementor-column elementor-field-group-name elementor-col-50\">\n\t\t\t\t\t\t\t\t\t\t\t\t<label for=\"form-field-name\" class=\"elementor-field-label elementor-screen-only\">\n\t\t\t\t\t\t\t\tNombre\t\t\t\t\t\t\t<\/label>\n\t\t\t\t\t\t\t\t\t\t\t\t\t\t<input size=\"1\" type=\"text\" name=\"form_fields[name]\" id=\"form-field-name\" class=\"elementor-field elementor-size-sm  elementor-field-textual\" placeholder=\"Nombre\">\n\t\t\t\t\t\t\t\t\t\t\t<\/div>\n\t\t\t\t\t\t\t\t<div class=\"elementor-field-type-email elementor-field-group elementor-column elementor-field-group-email elementor-col-50 elementor-field-required\">\n\t\t\t\t\t\t\t\t\t\t\t\t<label for=\"form-field-email\" class=\"elementor-field-label elementor-screen-only\">\n\t\t\t\t\t\t\t\tEmail\t\t\t\t\t\t\t<\/label>\n\t\t\t\t\t\t\t\t\t\t\t\t\t\t<input size=\"1\" type=\"email\" name=\"form_fields[email]\" id=\"form-field-email\" class=\"elementor-field elementor-size-sm  elementor-field-textual\" placeholder=\"Email\" required=\"required\">\n\t\t\t\t\t\t\t\t\t\t\t<\/div>\n\t\t\t\t\t\t\t\t<div class=\"elementor-field-type-textarea elementor-field-group elementor-column elementor-field-group-message elementor-col-100\">\n\t\t\t\t\t\t\t\t\t\t\t\t<label for=\"form-field-message\" class=\"elementor-field-label elementor-screen-only\">\n\t\t\t\t\t\t\t\tMensaje\t\t\t\t\t\t\t<\/label>\n\t\t\t\t\t\t<textarea class=\"elementor-field-textual elementor-field  elementor-size-sm\" name=\"form_fields[message]\" id=\"form-field-message\" rows=\"4\" placeholder=\"Mensaje\"><\/textarea>\t\t\t\t<\/div>\n\t\t\t\t\t\t\t\t<div class=\"elementor-field-type-acceptance elementor-field-group elementor-column elementor-field-group-field_74cd845 elementor-col-100\">\n\t\t\t\t\t\t\t<div class=\"elementor-field-subgroup\">\n\t\t\t<span class=\"elementor-field-option\">\n\t\t\t\t<input type=\"checkbox\" name=\"form_fields[field_74cd845]\" id=\"form-field-field_74cd845\" class=\"elementor-field elementor-size-sm  elementor-acceptance-field\">\n\t\t\t\t<label for=\"form-field-field_74cd845\">Acepto los <a href=\u201chttps:\/\/fundacionhumanismoyciencia.org\/politica-privacidad\/\u201d target=\"_blank\">t\u00e9rminos y condiciones<\/a><\/label>\t\t\t<\/span>\n\t\t<\/div>\n\t\t\t\t\t\t<\/div>\n\t\t\t\t\t\t\t\t<div class=\"elementor-field-type-recaptcha_v3 elementor-field-group elementor-column elementor-field-group-field_c39a1a7 elementor-col-100 recaptcha_v3-inline\">\n\t\t\t\t\t<div class=\"elementor-field\" id=\"form-field-field_c39a1a7\"><div class=\"elementor-g-recaptcha\" data-sitekey=\"6LcuZGkpAAAAADmf3XwzEO5PeI65uEEpRnkt8mg8\" data-type=\"v3\" data-action=\"Form\" data-badge=\"inline\" data-size=\"invisible\"><\/div><\/div>\t\t\t\t<\/div>\n\t\t\t\t\t\t\t\t<div class=\"elementor-field-group elementor-column elementor-field-type-submit elementor-col-100 e-form__buttons\">\n\t\t\t\t\t<button class=\"elementor-button elementor-size-sm\" type=\"submit\">\n\t\t\t\t\t\t<span class=\"elementor-button-content-wrapper\">\n\t\t\t\t\t\t\t\t\t\t\t\t\t\t\t\t\t\t\t\t\t\t<span class=\"elementor-button-text\">Enviar<\/span>\n\t\t\t\t\t\t\t\t\t\t\t\t\t<\/span>\n\t\t\t\t\t<\/button>\n\t\t\t\t<\/div>\n\t\t\t<\/div>\n\t\t<\/form>\n\t\t\t\t\t\t<\/div>\n\t\t\t\t<\/div>\n\t\t\t\t\t<\/div>\n\t\t\t\t<\/div>\n\t\t<div class=\"elementor-element elementor-element-2da9824 e-flex e-con-boxed e-con e-child\" data-id=\"2da9824\" data-element_type=\"container\" data-e-type=\"container\">\n\t\t\t\t\t<div class=\"e-con-inner\">\n\t\t\t\t<div class=\"elementor-element elementor-element-db58500 colortext elementor-invisible elementor-widget elementor-widget-heading\" data-id=\"db58500\" data-element_type=\"widget\" data-e-type=\"widget\" data-settings=\"{&quot;_animation&quot;:&quot;fadeInUp&quot;}\" data-widget_type=\"heading.default\">\n\t\t\t\t<div class=\"elementor-widget-container\">\n\t\t\t\t\t<h4 class=\"elementor-heading-title elementor-size-default\">Horario de atenci\u00f3n<\/h4>\t\t\t\t<\/div>\n\t\t\t\t<\/div>\n\t\t\t\t<div class=\"elementor-element elementor-element-3636887 elementor-widget elementor-widget-text-editor\" data-id=\"3636887\" data-element_type=\"widget\" data-e-type=\"widget\" data-widget_type=\"text-editor.default\">\n\t\t\t\t<div class=\"elementor-widget-container\">\n\t\t\t\t\t\t\t\t\t<ul><li>De lunes a viernes: 09:00h &#8211; 17:30h<\/li><\/ul>\t\t\t\t\t\t\t\t<\/div>\n\t\t\t\t<\/div>\n\t\t\t\t<div class=\"elementor-element elementor-element-fba9b82 colortext elementor-invisible elementor-widget elementor-widget-heading\" data-id=\"fba9b82\" data-element_type=\"widget\" data-e-type=\"widget\" data-settings=\"{&quot;_animation&quot;:&quot;fadeInUp&quot;}\" data-widget_type=\"heading.default\">\n\t\t\t\t<div class=\"elementor-widget-container\">\n\t\t\t\t\t<h3 class=\"elementor-heading-title elementor-size-default\">D\u00f3nde estamos<\/h3>\t\t\t\t<\/div>\n\t\t\t\t<\/div>\n\t\t\t\t<div class=\"elementor-element elementor-element-97a3811 elementor-widget elementor-widget-text-editor\" data-id=\"97a3811\" data-element_type=\"widget\" data-e-type=\"widget\" data-widget_type=\"text-editor.default\">\n\t\t\t\t<div class=\"elementor-widget-container\">\n\t\t\t\t\t\t\t\t\t<p>C. de Guzm\u00e1n el Bueno n\u00ba 66, Chamber\u00ed<br \/>28015 Madrid, Espa\u00f1a<\/p>\t\t\t\t\t\t\t\t<\/div>\n\t\t\t\t<\/div>\n\t\t\t\t<div class=\"elementor-element elementor-element-81253f3 elementor-widget elementor-widget-google_maps\" data-id=\"81253f3\" data-element_type=\"widget\" data-e-type=\"widget\" data-widget_type=\"google_maps.default\">\n\t\t\t\t<div class=\"elementor-widget-container\">\n\t\t\t\t\t\t\t<div class=\"elementor-custom-embed\">\n\t\t\t<iframe loading=\"lazy\"\n\t\t\t\t\tsrc=\"https:\/\/maps.google.com\/maps?q=C.%20de%20Guzm%C3%A1n%20el%20Bueno%20n%C2%BA%2066%2C%20Chamber%C3%AD%2028015%20Madrid%2C%20Espa%C3%B1a&#038;t=m&#038;z=15&#038;output=embed&#038;iwloc=near\"\n\t\t\t\t\ttitle=\"C. de Guzm\u00e1n el Bueno n\u00ba 66, Chamber\u00ed 28015 Madrid, Espa\u00f1a\"\n\t\t\t\t\taria-label=\"C. de Guzm\u00e1n el Bueno n\u00ba 66, Chamber\u00ed 28015 Madrid, Espa\u00f1a\"\n\t\t\t><\/iframe>\n\t\t<\/div>\n\t\t\t\t\t\t<\/div>\n\t\t\t\t<\/div>\n\t\t\t\t\t<\/div>\n\t\t\t\t<\/div>\n\t\t\t\t\t<\/div>\n\t\t\t\t<\/div>\n\t\t\t\t<\/div>\n\t\t","protected":false},"excerpt":{"rendered":"<p>CONTACTO Contacto directo con FHC info@fundacionhumanismoyciencia.org 914 550 190 Cont\u00e1ctanos a la Fundaci\u00f3n Humanismo y Ciencia. Estamos aqu\u00ed para responder tus preguntas y recibir tus comentarios. \u00danete a nuestra comunidad comprometida con el progreso humano y el desarrollo cient\u00edfico. Formulario Web Horario de atenci\u00f3n De lunes a viernes: 09:00h &#8211; 17:30h D\u00f3nde estamos C. de [&hellip;]<\/p>\n","protected":false},"author":1,"featured_media":0,"parent":0,"menu_order":0,"comment_status":"closed","ping_status":"closed","template":"","meta":{"_acf_changed":false,"footnotes":""},"class_list":["post-385","page","type-page","status-publish","hentry"],"acf":[],"yoast_head":"<!-- This site is optimized with the Yoast SEO plugin v27.1.1 - https:\/\/yoast.com\/product\/yoast-seo-wordpress\/ -->\n<title>Contacto - Fundaci\u00f3n humanismo y ciencia<\/title>\n<meta name=\"robots\" content=\"noindex, nofollow\" \/>\n<meta property=\"og:locale\" content=\"en_GB\" \/>\n<meta property=\"og:type\" content=\"article\" \/>\n<meta property=\"og:title\" content=\"Contacto - Fundaci\u00f3n humanismo y ciencia\" \/>\n<meta property=\"og:description\" content=\"CONTACTO Contacto directo con FHC info@fundacionhumanismoyciencia.org 914 550 190 Cont\u00e1ctanos a la Fundaci\u00f3n Humanismo y Ciencia. Estamos aqu\u00ed para responder tus preguntas y recibir tus comentarios. \u00danete a nuestra comunidad comprometida con el progreso humano y el desarrollo cient\u00edfico. Formulario Web Horario de atenci\u00f3n De lunes a viernes: 09:00h &#8211; 17:30h D\u00f3nde estamos C. de [&hellip;]\" \/>\n<meta property=\"og:url\" content=\"https:\/\/fundacionhumanismoyciencia.org\/en\/contacto\/\" \/>\n<meta property=\"og:site_name\" content=\"Fundaci\u00f3n humanismo y ciencia\" \/>\n<meta property=\"article:publisher\" content=\"https:\/\/www.facebook.com\/fundacionhumanismoyciencia\" \/>\n<meta property=\"article:modified_time\" content=\"2025-04-02T08:34:35+00:00\" \/>\n<meta name=\"twitter:card\" content=\"summary_large_image\" \/>\n<meta name=\"twitter:label1\" content=\"Estimated reading time\" \/>\n\t<meta name=\"twitter:data1\" content=\"1 minute\" \/>\n<script type=\"application\/ld+json\" class=\"yoast-schema-graph\">{\"@context\":\"https:\/\/schema.org\",\"@graph\":[{\"@type\":\"WebPage\",\"@id\":\"https:\/\/fundacionhumanismoyciencia.org\/contacto\/\",\"url\":\"https:\/\/fundacionhumanismoyciencia.org\/contacto\/\",\"name\":\"Contacto - Fundaci\u00f3n humanismo y ciencia\",\"isPartOf\":{\"@id\":\"https:\/\/fundacionhumanismoyciencia.org\/#website\"},\"datePublished\":\"2024-01-12T12:17:58+00:00\",\"dateModified\":\"2025-04-02T08:34:35+00:00\",\"breadcrumb\":{\"@id\":\"https:\/\/fundacionhumanismoyciencia.org\/contacto\/#breadcrumb\"},\"inLanguage\":\"en-GB\",\"potentialAction\":[{\"@type\":\"ReadAction\",\"target\":[\"https:\/\/fundacionhumanismoyciencia.org\/contacto\/\"]}]},{\"@type\":\"BreadcrumbList\",\"@id\":\"https:\/\/fundacionhumanismoyciencia.org\/contacto\/#breadcrumb\",\"itemListElement\":[{\"@type\":\"ListItem\",\"position\":1,\"name\":\"Portada\",\"item\":\"https:\/\/fundacionhumanismoyciencia.org\/\"},{\"@type\":\"ListItem\",\"position\":2,\"name\":\"Contacto\"}]},{\"@type\":\"WebSite\",\"@id\":\"https:\/\/fundacionhumanismoyciencia.org\/#website\",\"url\":\"https:\/\/fundacionhumanismoyciencia.org\/\",\"name\":\"Fundaci\u00f3n humanismo y ciencia\",\"description\":\"\",\"publisher\":{\"@id\":\"https:\/\/fundacionhumanismoyciencia.org\/#organization\"},\"potentialAction\":[{\"@type\":\"SearchAction\",\"target\":{\"@type\":\"EntryPoint\",\"urlTemplate\":\"https:\/\/fundacionhumanismoyciencia.org\/?s={search_term_string}\"},\"query-input\":{\"@type\":\"PropertyValueSpecification\",\"valueRequired\":true,\"valueName\":\"search_term_string\"}}],\"inLanguage\":\"en-GB\"},{\"@type\":\"Organization\",\"@id\":\"https:\/\/fundacionhumanismoyciencia.org\/#organization\",\"name\":\"Fundaci\u00f3n humanismo y ciencia\",\"url\":\"https:\/\/fundacionhumanismoyciencia.org\/\",\"logo\":{\"@type\":\"ImageObject\",\"inLanguage\":\"en-GB\",\"@id\":\"https:\/\/fundacionhumanismoyciencia.org\/#\/schema\/logo\/image\/\",\"url\":\"https:\/\/fundacionhumanismoyciencia.org\/wp-content\/uploads\/2024\/01\/Logo_Cabecera_15.png\",\"contentUrl\":\"https:\/\/fundacionhumanismoyciencia.org\/wp-content\/uploads\/2024\/01\/Logo_Cabecera_15.png\",\"width\":504,\"height\":76,\"caption\":\"Fundaci\u00f3n humanismo y ciencia\"},\"image\":{\"@id\":\"https:\/\/fundacionhumanismoyciencia.org\/#\/schema\/logo\/image\/\"},\"sameAs\":[\"https:\/\/www.facebook.com\/fundacionhumanismoyciencia\",\"https:\/\/www.instagram.com\/fundacionhumanismoyciencia_\/\",\"https:\/\/www.linkedin.com\/company\/fundacion-humanismo-y-ciencia\/\",\"https:\/\/www.youtube.com\/@fundacion_humanismo_ciencia\"]}]}<\/script>\n<!-- \/ Yoast SEO plugin. -->","yoast_head_json":{"title":"Contacto - Fundaci\u00f3n humanismo y ciencia","robots":{"index":"noindex","follow":"nofollow"},"og_locale":"en_GB","og_type":"article","og_title":"Contacto - Fundaci\u00f3n humanismo y ciencia","og_description":"CONTACTO Contacto directo con FHC info@fundacionhumanismoyciencia.org 914 550 190 Cont\u00e1ctanos a la Fundaci\u00f3n Humanismo y Ciencia. Estamos aqu\u00ed para responder tus preguntas y recibir tus comentarios. \u00danete a nuestra comunidad comprometida con el progreso humano y el desarrollo cient\u00edfico. Formulario Web Horario de atenci\u00f3n De lunes a viernes: 09:00h &#8211; 17:30h D\u00f3nde estamos C. de [&hellip;]","og_url":"https:\/\/fundacionhumanismoyciencia.org\/en\/contacto\/","og_site_name":"Fundaci\u00f3n humanismo y ciencia","article_publisher":"https:\/\/www.facebook.com\/fundacionhumanismoyciencia","article_modified_time":"2025-04-02T08:34:35+00:00","twitter_card":"summary_large_image","twitter_misc":{"Estimated reading time":"1 minute"},"schema":{"@context":"https:\/\/schema.org","@graph":[{"@type":"WebPage","@id":"https:\/\/fundacionhumanismoyciencia.org\/contacto\/","url":"https:\/\/fundacionhumanismoyciencia.org\/contacto\/","name":"Contacto - Fundaci\u00f3n humanismo y ciencia","isPartOf":{"@id":"https:\/\/fundacionhumanismoyciencia.org\/#website"},"datePublished":"2024-01-12T12:17:58+00:00","dateModified":"2025-04-02T08:34:35+00:00","breadcrumb":{"@id":"https:\/\/fundacionhumanismoyciencia.org\/contacto\/#breadcrumb"},"inLanguage":"en-GB","potentialAction":[{"@type":"ReadAction","target":["https:\/\/fundacionhumanismoyciencia.org\/contacto\/"]}]},{"@type":"BreadcrumbList","@id":"https:\/\/fundacionhumanismoyciencia.org\/contacto\/#breadcrumb","itemListElement":[{"@type":"ListItem","position":1,"name":"Portada","item":"https:\/\/fundacionhumanismoyciencia.org\/"},{"@type":"ListItem","position":2,"name":"Contacto"}]},{"@type":"WebSite","@id":"https:\/\/fundacionhumanismoyciencia.org\/#website","url":"https:\/\/fundacionhumanismoyciencia.org\/","name":"Fundaci\u00f3n humanismo y ciencia","description":"","publisher":{"@id":"https:\/\/fundacionhumanismoyciencia.org\/#organization"},"potentialAction":[{"@type":"SearchAction","target":{"@type":"EntryPoint","urlTemplate":"https:\/\/fundacionhumanismoyciencia.org\/?s={search_term_string}"},"query-input":{"@type":"PropertyValueSpecification","valueRequired":true,"valueName":"search_term_string"}}],"inLanguage":"en-GB"},{"@type":"Organization","@id":"https:\/\/fundacionhumanismoyciencia.org\/#organization","name":"Fundaci\u00f3n humanismo y ciencia","url":"https:\/\/fundacionhumanismoyciencia.org\/","logo":{"@type":"ImageObject","inLanguage":"en-GB","@id":"https:\/\/fundacionhumanismoyciencia.org\/#\/schema\/logo\/image\/","url":"https:\/\/fundacionhumanismoyciencia.org\/wp-content\/uploads\/2024\/01\/Logo_Cabecera_15.png","contentUrl":"https:\/\/fundacionhumanismoyciencia.org\/wp-content\/uploads\/2024\/01\/Logo_Cabecera_15.png","width":504,"height":76,"caption":"Fundaci\u00f3n humanismo y ciencia"},"image":{"@id":"https:\/\/fundacionhumanismoyciencia.org\/#\/schema\/logo\/image\/"},"sameAs":["https:\/\/www.facebook.com\/fundacionhumanismoyciencia","https:\/\/www.instagram.com\/fundacionhumanismoyciencia_\/","https:\/\/www.linkedin.com\/company\/fundacion-humanismo-y-ciencia\/","https:\/\/www.youtube.com\/@fundacion_humanismo_ciencia"]}]}},"_links":{"self":[{"href":"https:\/\/fundacionhumanismoyciencia.org\/en\/wp-json\/wp\/v2\/pages\/385","targetHints":{"allow":["GET"]}}],"collection":[{"href":"https:\/\/fundacionhumanismoyciencia.org\/en\/wp-json\/wp\/v2\/pages"}],"about":[{"href":"https:\/\/fundacionhumanismoyciencia.org\/en\/wp-json\/wp\/v2\/types\/page"}],"author":[{"embeddable":true,"href":"https:\/\/fundacionhumanismoyciencia.org\/en\/wp-json\/wp\/v2\/users\/1"}],"replies":[{"embeddable":true,"href":"https:\/\/fundacionhumanismoyciencia.org\/en\/wp-json\/wp\/v2\/comments?post=385"}],"version-history":[{"count":79,"href":"https:\/\/fundacionhumanismoyciencia.org\/en\/wp-json\/wp\/v2\/pages\/385\/revisions"}],"predecessor-version":[{"id":3715,"href":"https:\/\/fundacionhumanismoyciencia.org\/en\/wp-json\/wp\/v2\/pages\/385\/revisions\/3715"}],"wp:attachment":[{"href":"https:\/\/fundacionhumanismoyciencia.org\/en\/wp-json\/wp\/v2\/media?parent=385"}],"curies":[{"name":"wp","href":"https:\/\/api.w.org\/{rel}","templated":true}]}}