{"id":367,"date":"2024-01-12T13:15:28","date_gmt":"2024-01-12T12:15:28","guid":{"rendered":"https:\/\/fundacionhumanismoyciencia.org\/?page_id=367"},"modified":"2024-10-17T14:25:31","modified_gmt":"2024-10-17T12:25:31","slug":"aviso-legal","status":"publish","type":"page","link":"https:\/\/fundacionhumanismoyciencia.org\/en\/aviso-legal\/","title":{"rendered":"Aviso Legal"},"content":{"rendered":"<div data-elementor-type=\"wp-page\" data-elementor-id=\"367\" class=\"elementor elementor-367\" data-elementor-post-type=\"page\">\n\t\t\t\t<div class=\"elementor-element elementor-element-1ff8536 e-flex e-con-boxed e-con e-parent\" data-id=\"1ff8536\" data-element_type=\"container\" data-e-type=\"container\" data-settings=\"{&quot;background_background&quot;:&quot;classic&quot;}\">\n\t\t\t\t\t<div class=\"e-con-inner\">\n\t\t\t\t<div class=\"elementor-element elementor-element-0e6158f elementor-widget elementor-widget-text-editor\" data-id=\"0e6158f\" data-element_type=\"widget\" data-e-type=\"widget\" data-widget_type=\"text-editor.default\">\n\t\t\t\t<div class=\"elementor-widget-container\">\n\t\t\t\t\t\t\t\t\t<header><h2>Aviso Legal<\/h2><\/header><div class=\"\"><div class=\"\"><ol><li>Fundaci\u00f3n Humanismo y Ciencia, en cumplimiento de la Ley 34\/2002, de 11 de julio, de servicios de la sociedad de la informaci\u00f3n y de comercio electr\u00f3nico, a continuaci\u00f3n, se reflejan los siguientes datos: la empresa titular de www. fundacionhumanismoyciencia.org es la FUNDACI\u00d3N HUMANISMO Y CIENCIA, con domicilio en C\/Guzm\u00e1n el Bueno 66; 28015 Madrid, con n\u00famero de C.I.F: G81795080.<\/li><li>Para comunicarse con nosotros, ponemos a su disposici\u00f3n en nuestra web la p\u00e1gina contacto (<a href=\"https:\/\/fundacionhumanismoyciencia.org\/en\/contacto\/\" target=\"_blank\" rel=\"noopener\">https:\/\/www.fundacionhumanismoyciencia.org\/contacto<\/a>).<\/li><li>Fundaci\u00f3n Humanismo y Ciencia, informa de que la p\u00e1gina web www. fundacionhumanismoyciencia.org tiene por objeto facilitar, al p\u00fablico en general, el conocimiento de las actividades que esta organizaci\u00f3n realiza y de los servicios que presta.<\/li><li>Fundaci\u00f3n Humanismo y Ciencia, de conformidad con lo establecido en la legislaci\u00f3n vigente en materia de protecci\u00f3n de datos personales, en concreto en el Reglamento 2016\/679 del Parlamento Europeo y del Consejo de 27 de abril de 2016, garantiza la seguridad y confidencialidad de los datos facilitados por sus clientes. Ver \u201cPol\u00edtica de Privacidad\u201d (<a href=\"https:\/\/fundacionhumanismoyciencia.org\/en\/politica-de-privacidad\/\" target=\"_blank\" rel=\"noopener\">https:\/\/fundacionhumanismoyciencia.org\/politica-de-privacidad<\/a>).<\/li><li>Los derechos de propiedad intelectual de la p\u00e1gina web fundacionhumanismoyciencia.org y de los distintos elementos en ella contenidos son titularidad de Fundaci\u00f3n Humanismo y Ciencia.<\/li><li>Corresponde a dicha organizaci\u00f3n el ejercicio exclusivo de los derechos de explotaci\u00f3n de los mismos en cualquier forma y, en especial, los derechos de reproducci\u00f3n, distribuci\u00f3n, comunicaci\u00f3n p\u00fablica y transformaci\u00f3n.<\/li><li>Se concede el derecho de reproducci\u00f3n parcial de su contenido siempre que concurran las siguientes condiciones:<\/li><\/ol><ul><li>Que sea compatible con los fines de la p\u00e1gina web fundacionhumanismoyciencia.org.<\/li><li>Que no se realice con prop\u00f3sito comercial.<\/li><li>Que ninguno de los documentos o gr\u00e1ficos relacionados en la p\u00e1gina web sean modificados de ninguna manera.<\/li><li>Que ning\u00fan gr\u00e1fico disponible en la p\u00e1gina web sea utilizado, copiado o distribuido separadamente del texto o resto de im\u00e1genes que lo acompa\u00f1an.<\/li><li>Que sea comunicado previamente a fundacionhumanismoyciencia.org.<\/li><\/ul><ol start=\"8\"><li>Fundaci\u00f3n Humanismo y Ciencia se reserva la facultad de efectuar, en cualquier momento y sin necesidad de previo aviso, modificaciones y actualizaciones la informaci\u00f3n contenida en su p\u00e1gina web o en la configuraci\u00f3n y presentaci\u00f3n de esta.<\/li><li>Fundaci\u00f3n Humanismo y Ciencia no garantiza la inexistencia de errores en el acceso a la p\u00e1gina web, en su contenido, ni que esta se encuentre actualizada, aunque desarrollar\u00e1 sus mejores esfuerzos para, en su caso, evitarlos, subsanarlos o actualizarlos.<\/li><li>Tanto el acceso a esta p\u00e1gina web como el uso que pueda hacerse de la informaci\u00f3n contenida en la misma es de la exclusiva responsabilidad de quien lo realiza. El usuario ser\u00e1 responsable de todas las acciones que realice con su identificador de usuario. Fundaci\u00f3n Humanismo y Ciencia no responder\u00e1 de ninguna consecuencia, da\u00f1o o perjuicio que pudieran derivarse de dicho acceso o uso de la informaci\u00f3n.<\/li><li>Fundaci\u00f3n Humanismo y Ciencia no asume responsabilidad alguna derivada de la conexi\u00f3n o contenidos de los enlaces de terceros a los que se hace referencia en la p\u00e1gina web.<\/li><li>La utilizaci\u00f3n no autorizada de la informaci\u00f3n contenida en esta p\u00e1gina web, as\u00ed como la lesi\u00f3n de los derechos de Propiedad Intelectual de Fundaci\u00f3n Humanismo y Ciencia, dar\u00e1 lugar a las responsabilidades legalmente establecidas.<\/li><li>Fundaci\u00f3n Humanismo y Ciencia no se hace responsable de los posibles errores de seguridad que se puedan producir ni de los posibles da\u00f1os que puedan causarse al sistema inform\u00e1tico del usuario (hardware y software), los ficheros o documentos almacenados en el mismo, como consecuencia de la presencia de virus en el ordenador del usuario utilizado para la conexi\u00f3n a los servicios y contenidos de fundacionhumanismoyciencia.org, de un mal funcionamiento del navegador o del uso de versiones no actualizadas del mismo.<\/li><li>Las cookies constituyen una herramienta empleada por los servidores web para almacenar y recuperar informaci\u00f3n acerca de sus visitantes. Son peque\u00f1os archivos de texto que enviamos a su ordenador para mantener un registro de sus preferencias y recordarlas a su regreso.<\/li><li>Fundaci\u00f3n Humanismo y Ciencia se reserva el derecho del uso de cookies para facilitar la navegaci\u00f3n por su p\u00e1gina web y para obtener una mayor eficacia y personalizaci\u00f3n de los servicios ofrecidos a los usuarios. Las cookies utilizadas por Fundaci\u00f3n Humanismo y Ciencia permiten almacenar informaci\u00f3n sobre las preferencias de navegaci\u00f3n del usuario, a fin de poder mostrarle contenidos de especial inter\u00e9s acordes con su perfil.<\/li><li>El usuario puede libremente decidir acerca de la implantaci\u00f3n o no en su disco duro de las cookies empleadas por Fundaci\u00f3n Humanismo y Ciencia.<\/li><li>En este sentido, el usuario puede configurar su navegador para aceptar o rechazar por defecto todas las cookies o para recibir un aviso en pantalla de la recepci\u00f3n de cada cookie y decidir en ese momento su implantaci\u00f3n o no en su disco duro. Para ello, le sugerimos la secci\u00f3n de ayuda de su navegador para saber c\u00f3mo cambiar la configuraci\u00f3n que actualmente emplea.<\/li><\/ol><\/div><\/div>\t\t\t\t\t\t\t\t<\/div>\n\t\t\t\t<\/div>\n\t\t\t\t\t<\/div>\n\t\t\t\t<\/div>\n\t\t\t\t<\/div>","protected":false},"excerpt":{"rendered":"<p>Aviso Legal Fundaci\u00f3n Humanismo y Ciencia, en cumplimiento de la Ley 34\/2002, de 11 de julio, de servicios de la sociedad de la informaci\u00f3n y de comercio electr\u00f3nico, a continuaci\u00f3n, se reflejan los siguientes datos: la empresa titular de www. fundacionhumanismoyciencia.org es la FUNDACI\u00d3N HUMANISMO Y CIENCIA, con domicilio en C\/Guzm\u00e1n el Bueno 66; 28015 [&hellip;]<\/p>\n","protected":false},"author":1,"featured_media":0,"parent":0,"menu_order":0,"comment_status":"closed","ping_status":"closed","template":"","meta":{"_acf_changed":false,"footnotes":""},"class_list":["post-367","page","type-page","status-publish","hentry"],"acf":[],"yoast_head":"<!-- This site is optimized with the Yoast SEO plugin v27.1.1 - https:\/\/yoast.com\/product\/yoast-seo-wordpress\/ -->\n<title>Aviso Legal - Fundaci\u00f3n humanismo y ciencia<\/title>\n<meta name=\"robots\" content=\"noindex, nofollow\" \/>\n<meta property=\"og:locale\" content=\"en_GB\" \/>\n<meta property=\"og:type\" content=\"article\" \/>\n<meta property=\"og:title\" content=\"Aviso Legal - Fundaci\u00f3n humanismo y ciencia\" \/>\n<meta property=\"og:description\" content=\"Aviso Legal Fundaci\u00f3n Humanismo y Ciencia, en cumplimiento de la Ley 34\/2002, de 11 de julio, de servicios de la sociedad de la informaci\u00f3n y de comercio electr\u00f3nico, a continuaci\u00f3n, se reflejan los siguientes datos: la empresa titular de www. fundacionhumanismoyciencia.org es la FUNDACI\u00d3N HUMANISMO Y CIENCIA, con domicilio en C\/Guzm\u00e1n el Bueno 66; 28015 [&hellip;]\" \/>\n<meta property=\"og:url\" content=\"https:\/\/fundacionhumanismoyciencia.org\/en\/aviso-legal\/\" \/>\n<meta property=\"og:site_name\" content=\"Fundaci\u00f3n humanismo y ciencia\" \/>\n<meta property=\"article:publisher\" content=\"https:\/\/www.facebook.com\/fundacionhumanismoyciencia\" \/>\n<meta property=\"article:modified_time\" content=\"2024-10-17T12:25:31+00:00\" \/>\n<meta name=\"twitter:card\" content=\"summary_large_image\" \/>\n<meta name=\"twitter:label1\" content=\"Estimated reading time\" \/>\n\t<meta name=\"twitter:data1\" content=\"4 minutes\" \/>\n<script type=\"application\/ld+json\" class=\"yoast-schema-graph\">{\"@context\":\"https:\/\/schema.org\",\"@graph\":[{\"@type\":\"WebPage\",\"@id\":\"https:\/\/fundacionhumanismoyciencia.org\/aviso-legal\/\",\"url\":\"https:\/\/fundacionhumanismoyciencia.org\/aviso-legal\/\",\"name\":\"Aviso Legal - Fundaci\u00f3n humanismo y ciencia\",\"isPartOf\":{\"@id\":\"https:\/\/fundacionhumanismoyciencia.org\/#website\"},\"datePublished\":\"2024-01-12T12:15:28+00:00\",\"dateModified\":\"2024-10-17T12:25:31+00:00\",\"breadcrumb\":{\"@id\":\"https:\/\/fundacionhumanismoyciencia.org\/aviso-legal\/#breadcrumb\"},\"inLanguage\":\"en-GB\",\"potentialAction\":[{\"@type\":\"ReadAction\",\"target\":[\"https:\/\/fundacionhumanismoyciencia.org\/aviso-legal\/\"]}]},{\"@type\":\"BreadcrumbList\",\"@id\":\"https:\/\/fundacionhumanismoyciencia.org\/aviso-legal\/#breadcrumb\",\"itemListElement\":[{\"@type\":\"ListItem\",\"position\":1,\"name\":\"Portada\",\"item\":\"https:\/\/fundacionhumanismoyciencia.org\/\"},{\"@type\":\"ListItem\",\"position\":2,\"name\":\"Aviso Legal\"}]},{\"@type\":\"WebSite\",\"@id\":\"https:\/\/fundacionhumanismoyciencia.org\/#website\",\"url\":\"https:\/\/fundacionhumanismoyciencia.org\/\",\"name\":\"Fundaci\u00f3n humanismo y ciencia\",\"description\":\"\",\"publisher\":{\"@id\":\"https:\/\/fundacionhumanismoyciencia.org\/#organization\"},\"potentialAction\":[{\"@type\":\"SearchAction\",\"target\":{\"@type\":\"EntryPoint\",\"urlTemplate\":\"https:\/\/fundacionhumanismoyciencia.org\/?s={search_term_string}\"},\"query-input\":{\"@type\":\"PropertyValueSpecification\",\"valueRequired\":true,\"valueName\":\"search_term_string\"}}],\"inLanguage\":\"en-GB\"},{\"@type\":\"Organization\",\"@id\":\"https:\/\/fundacionhumanismoyciencia.org\/#organization\",\"name\":\"Fundaci\u00f3n humanismo y ciencia\",\"url\":\"https:\/\/fundacionhumanismoyciencia.org\/\",\"logo\":{\"@type\":\"ImageObject\",\"inLanguage\":\"en-GB\",\"@id\":\"https:\/\/fundacionhumanismoyciencia.org\/#\/schema\/logo\/image\/\",\"url\":\"https:\/\/fundacionhumanismoyciencia.org\/wp-content\/uploads\/2024\/01\/Logo_Cabecera_15.png\",\"contentUrl\":\"https:\/\/fundacionhumanismoyciencia.org\/wp-content\/uploads\/2024\/01\/Logo_Cabecera_15.png\",\"width\":504,\"height\":76,\"caption\":\"Fundaci\u00f3n humanismo y ciencia\"},\"image\":{\"@id\":\"https:\/\/fundacionhumanismoyciencia.org\/#\/schema\/logo\/image\/\"},\"sameAs\":[\"https:\/\/www.facebook.com\/fundacionhumanismoyciencia\",\"https:\/\/www.instagram.com\/fundacionhumanismoyciencia_\/\",\"https:\/\/www.linkedin.com\/company\/fundacion-humanismo-y-ciencia\/\",\"https:\/\/www.youtube.com\/@fundacion_humanismo_ciencia\"]}]}<\/script>\n<!-- \/ Yoast SEO plugin. -->","yoast_head_json":{"title":"Aviso Legal - Fundaci\u00f3n humanismo y ciencia","robots":{"index":"noindex","follow":"nofollow"},"og_locale":"en_GB","og_type":"article","og_title":"Aviso Legal - Fundaci\u00f3n humanismo y ciencia","og_description":"Aviso Legal Fundaci\u00f3n Humanismo y Ciencia, en cumplimiento de la Ley 34\/2002, de 11 de julio, de servicios de la sociedad de la informaci\u00f3n y de comercio electr\u00f3nico, a continuaci\u00f3n, se reflejan los siguientes datos: la empresa titular de www. fundacionhumanismoyciencia.org es la FUNDACI\u00d3N HUMANISMO Y CIENCIA, con domicilio en C\/Guzm\u00e1n el Bueno 66; 28015 [&hellip;]","og_url":"https:\/\/fundacionhumanismoyciencia.org\/en\/aviso-legal\/","og_site_name":"Fundaci\u00f3n humanismo y ciencia","article_publisher":"https:\/\/www.facebook.com\/fundacionhumanismoyciencia","article_modified_time":"2024-10-17T12:25:31+00:00","twitter_card":"summary_large_image","twitter_misc":{"Estimated reading time":"4 minutes"},"schema":{"@context":"https:\/\/schema.org","@graph":[{"@type":"WebPage","@id":"https:\/\/fundacionhumanismoyciencia.org\/aviso-legal\/","url":"https:\/\/fundacionhumanismoyciencia.org\/aviso-legal\/","name":"Aviso Legal - Fundaci\u00f3n humanismo y ciencia","isPartOf":{"@id":"https:\/\/fundacionhumanismoyciencia.org\/#website"},"datePublished":"2024-01-12T12:15:28+00:00","dateModified":"2024-10-17T12:25:31+00:00","breadcrumb":{"@id":"https:\/\/fundacionhumanismoyciencia.org\/aviso-legal\/#breadcrumb"},"inLanguage":"en-GB","potentialAction":[{"@type":"ReadAction","target":["https:\/\/fundacionhumanismoyciencia.org\/aviso-legal\/"]}]},{"@type":"BreadcrumbList","@id":"https:\/\/fundacionhumanismoyciencia.org\/aviso-legal\/#breadcrumb","itemListElement":[{"@type":"ListItem","position":1,"name":"Portada","item":"https:\/\/fundacionhumanismoyciencia.org\/"},{"@type":"ListItem","position":2,"name":"Aviso Legal"}]},{"@type":"WebSite","@id":"https:\/\/fundacionhumanismoyciencia.org\/#website","url":"https:\/\/fundacionhumanismoyciencia.org\/","name":"Fundaci\u00f3n humanismo y ciencia","description":"","publisher":{"@id":"https:\/\/fundacionhumanismoyciencia.org\/#organization"},"potentialAction":[{"@type":"SearchAction","target":{"@type":"EntryPoint","urlTemplate":"https:\/\/fundacionhumanismoyciencia.org\/?s={search_term_string}"},"query-input":{"@type":"PropertyValueSpecification","valueRequired":true,"valueName":"search_term_string"}}],"inLanguage":"en-GB"},{"@type":"Organization","@id":"https:\/\/fundacionhumanismoyciencia.org\/#organization","name":"Fundaci\u00f3n humanismo y ciencia","url":"https:\/\/fundacionhumanismoyciencia.org\/","logo":{"@type":"ImageObject","inLanguage":"en-GB","@id":"https:\/\/fundacionhumanismoyciencia.org\/#\/schema\/logo\/image\/","url":"https:\/\/fundacionhumanismoyciencia.org\/wp-content\/uploads\/2024\/01\/Logo_Cabecera_15.png","contentUrl":"https:\/\/fundacionhumanismoyciencia.org\/wp-content\/uploads\/2024\/01\/Logo_Cabecera_15.png","width":504,"height":76,"caption":"Fundaci\u00f3n humanismo y ciencia"},"image":{"@id":"https:\/\/fundacionhumanismoyciencia.org\/#\/schema\/logo\/image\/"},"sameAs":["https:\/\/www.facebook.com\/fundacionhumanismoyciencia","https:\/\/www.instagram.com\/fundacionhumanismoyciencia_\/","https:\/\/www.linkedin.com\/company\/fundacion-humanismo-y-ciencia\/","https:\/\/www.youtube.com\/@fundacion_humanismo_ciencia"]}]}},"_links":{"self":[{"href":"https:\/\/fundacionhumanismoyciencia.org\/en\/wp-json\/wp\/v2\/pages\/367","targetHints":{"allow":["GET"]}}],"collection":[{"href":"https:\/\/fundacionhumanismoyciencia.org\/en\/wp-json\/wp\/v2\/pages"}],"about":[{"href":"https:\/\/fundacionhumanismoyciencia.org\/en\/wp-json\/wp\/v2\/types\/page"}],"author":[{"embeddable":true,"href":"https:\/\/fundacionhumanismoyciencia.org\/en\/wp-json\/wp\/v2\/users\/1"}],"replies":[{"embeddable":true,"href":"https:\/\/fundacionhumanismoyciencia.org\/en\/wp-json\/wp\/v2\/comments?post=367"}],"version-history":[{"count":16,"href":"https:\/\/fundacionhumanismoyciencia.org\/en\/wp-json\/wp\/v2\/pages\/367\/revisions"}],"predecessor-version":[{"id":3524,"href":"https:\/\/fundacionhumanismoyciencia.org\/en\/wp-json\/wp\/v2\/pages\/367\/revisions\/3524"}],"wp:attachment":[{"href":"https:\/\/fundacionhumanismoyciencia.org\/en\/wp-json\/wp\/v2\/media?parent=367"}],"curies":[{"name":"wp","href":"https:\/\/api.w.org\/{rel}","templated":true}]}}