{"id":3177,"date":"2024-04-25T11:54:48","date_gmt":"2024-04-25T09:54:48","guid":{"rendered":"https:\/\/fundacionhumanismoyciencia.org\/?page_id=3177"},"modified":"2024-04-29T10:49:54","modified_gmt":"2024-04-29T08:49:54","slug":"premios-zapata-briceno","status":"publish","type":"page","link":"https:\/\/fundacionhumanismoyciencia.org\/en\/premios-zapata-briceno\/","title":{"rendered":"Premios Zapata Brice\u00f1o"},"content":{"rendered":"<div data-elementor-type=\"wp-page\" data-elementor-id=\"3177\" class=\"elementor elementor-3177\" data-elementor-post-type=\"page\">\n\t\t\t\t<div class=\"elementor-element elementor-element-5b9dc7ea e-flex e-con-boxed e-con e-parent\" data-id=\"5b9dc7ea\" data-element_type=\"container\" data-e-type=\"container\">\n\t\t\t\t\t<div class=\"e-con-inner\">\n\t\t<div class=\"elementor-element elementor-element-24b7b1eb e-con-full e-flex e-con e-child\" data-id=\"24b7b1eb\" data-element_type=\"container\" data-e-type=\"container\">\n\t\t\t\t<div class=\"elementor-element elementor-element-15a0bfd6 elementor-invisible elementor-widget elementor-widget-button\" data-id=\"15a0bfd6\" data-element_type=\"widget\" data-e-type=\"widget\" data-settings=\"{&quot;_animation&quot;:&quot;fadeInDown&quot;,&quot;_animation_laptop&quot;:&quot;fadeInRight&quot;}\" data-widget_type=\"button.default\">\n\t\t\t\t<div class=\"elementor-widget-container\">\n\t\t\t\t\t\t\t\t\t<div class=\"elementor-button-wrapper\">\n\t\t\t\t\t<a class=\"elementor-button elementor-button-link elementor-size-sm\" href=\"https:\/\/fundacionhumanismoyciencia.org\/en\/becas-carlos-zapata\/\">\n\t\t\t\t\t\t<span class=\"elementor-button-content-wrapper\">\n\t\t\t\t\t\t\t\t\t<span class=\"elementor-button-text\">\u2190 PRESS<\/span>\n\t\t\t\t\t<\/span>\n\t\t\t\t\t<\/a>\n\t\t\t\t<\/div>\n\t\t\t\t\t\t\t\t<\/div>\n\t\t\t\t<\/div>\n\t\t\t\t<\/div>\n\t\t<div class=\"elementor-element elementor-element-474ba1f9 e-con-full e-flex e-con e-child\" data-id=\"474ba1f9\" data-element_type=\"container\" data-e-type=\"container\">\n\t\t\t\t<div class=\"elementor-element elementor-element-2901a667 elementor-widget elementor-widget-image\" data-id=\"2901a667\" data-element_type=\"widget\" data-e-type=\"widget\" data-widget_type=\"image.default\">\n\t\t\t\t<div class=\"elementor-widget-container\">\n\t\t\t\t\t\t\t\t\t\t\t\t\t\t\t<img fetchpriority=\"high\" decoding=\"async\" width=\"800\" height=\"350\" src=\"https:\/\/fundacionhumanismoyciencia.org\/wp-content\/uploads\/2024\/04\/Entrega-de-Premios.jpg\" class=\"attachment-full size-full wp-image-3180\" alt=\"Entrega-de-Premios\" srcset=\"https:\/\/fundacionhumanismoyciencia.org\/wp-content\/uploads\/2024\/04\/Entrega-de-Premios.jpg 800w, https:\/\/fundacionhumanismoyciencia.org\/wp-content\/uploads\/2024\/04\/Entrega-de-Premios-300x131.jpg 300w, https:\/\/fundacionhumanismoyciencia.org\/wp-content\/uploads\/2024\/04\/Entrega-de-Premios-768x336.jpg 768w\" sizes=\"(max-width: 800px) 100vw, 800px\" \/>\t\t\t\t\t\t\t\t\t\t\t\t\t\t\t<\/div>\n\t\t\t\t<\/div>\n\t\t\t\t<div class=\"elementor-element elementor-element-5befbea5 colortext elementor-widget elementor-widget-heading\" data-id=\"5befbea5\" data-element_type=\"widget\" data-e-type=\"widget\" data-widget_type=\"heading.default\">\n\t\t\t\t<div class=\"elementor-widget-container\">\n\t\t\t\t\t<h2 class=\"elementor-heading-title elementor-size-default\">Celebrating Talent and Academic Merit: The Zapata Brice\u00f1o Awards<\/h2>\t\t\t\t<\/div>\n\t\t\t\t<\/div>\n\t\t\t\t<div class=\"elementor-element elementor-element-4a393e4f elementor-widget elementor-widget-text-editor\" data-id=\"4a393e4f\" data-element_type=\"widget\" data-e-type=\"widget\" data-widget_type=\"text-editor.default\">\n\t\t\t\t<div class=\"elementor-widget-container\">\n\t\t\t\t\t\t\t\t\t<p>The Humanism and Science Foundation has presented the Zapata Brice\u00f1o Awards for Academic Talent and Merit. This event took place on November 24, 2023, at the Historical Library of the Complutense University, where the achievements of students dedicated to research and the development of knowledge were highlighted.<\/p><p>\u00a0<\/p><p>The president of the Humanism and Science Foundation, Ms. Mar\u00eda Pilar Brice\u00f1o Seoane, had the honor of personally presenting the awards to three outstanding doctoral students. These awards were given in recognition of their excellent academic careers, their commitment to research, and their potential to significantly contribute to the advancement of knowledge in their respective fields.<\/p><p>\u00a0<\/p><p>The presentation of these awards not only represents an act of recognition for the individual work of the recipients, but also a tribute to the commitment to excellence and the tireless pursuit of knowledge that characterizes the academic community. It is a reminder that hard work and dedication are the fundamental pillars upon which advances in science and education are built.<\/p><p>\u00a0<\/p><p>In short, the Zapata Brice\u00f1o Awards for Talent and Academic Merit are a testament to the Humanism and Science Foundation's commitment to promoting and recognizing talent and academic excellence. This initiative pays tribute to those who, through their tireless work, inspire and guide the path toward a future of discovery and knowledge.<\/p>\t\t\t\t\t\t\t\t<\/div>\n\t\t\t\t<\/div>\n\t\t\t\t<\/div>\n\t\t<div class=\"elementor-element elementor-element-1cf894aa e-con-full e-flex e-con e-child\" data-id=\"1cf894aa\" data-element_type=\"container\" data-e-type=\"container\">\n\t\t\t\t<\/div>\n\t\t\t\t\t<\/div>\n\t\t\t\t<\/div>\n\t\t\t\t<\/div>","protected":false},"excerpt":{"rendered":"<p>\u2190 PRENSA Celebrando el Talento y el M\u00e9rito Acad\u00e9mico: Los Premios Zapata Brice\u00f1o La Fundaci\u00f3n Humanismo y Ciencia ha procedido a la entrega de los Premios Zapata Brice\u00f1o al Talento y al M\u00e9rito Acad\u00e9mico. Este evento se llev\u00f3 a cabo el 24 de noviembre del 2023 en la Biblioteca Hist\u00f3rica de la Universidad Complutense, donde [&hellip;]<\/p>\n","protected":false},"author":2,"featured_media":0,"parent":0,"menu_order":0,"comment_status":"closed","ping_status":"closed","template":"","meta":{"_acf_changed":false,"footnotes":""},"class_list":["post-3177","page","type-page","status-publish","hentry"],"acf":[],"yoast_head":"<!-- This site is optimized with the Yoast SEO plugin v27.1.1 - https:\/\/yoast.com\/product\/yoast-seo-wordpress\/ -->\n<title>Premios Zapata Brice\u00f1o - Fundaci\u00f3n humanismo y ciencia<\/title>\n<meta name=\"robots\" content=\"index, follow, max-snippet:-1, max-image-preview:large, max-video-preview:-1\" \/>\n<link rel=\"canonical\" href=\"https:\/\/fundacionhumanismoyciencia.org\/en\/premios-zapata-briceno\/\" \/>\n<meta property=\"og:locale\" content=\"en_GB\" \/>\n<meta property=\"og:type\" content=\"article\" \/>\n<meta property=\"og:title\" content=\"Premios Zapata Brice\u00f1o - Fundaci\u00f3n humanismo y ciencia\" \/>\n<meta property=\"og:description\" content=\"\u2190 PRENSA Celebrando el Talento y el M\u00e9rito Acad\u00e9mico: Los Premios Zapata Brice\u00f1o La Fundaci\u00f3n Humanismo y Ciencia ha procedido a la entrega de los Premios Zapata Brice\u00f1o al Talento y al M\u00e9rito Acad\u00e9mico. Este evento se llev\u00f3 a cabo el 24 de noviembre del 2023 en la Biblioteca Hist\u00f3rica de la Universidad Complutense, donde [&hellip;]\" \/>\n<meta property=\"og:url\" content=\"https:\/\/fundacionhumanismoyciencia.org\/en\/premios-zapata-briceno\/\" \/>\n<meta property=\"og:site_name\" content=\"Fundaci\u00f3n humanismo y ciencia\" \/>\n<meta property=\"article:publisher\" content=\"https:\/\/www.facebook.com\/fundacionhumanismoyciencia\" \/>\n<meta property=\"article:modified_time\" content=\"2024-04-29T08:49:54+00:00\" \/>\n<meta property=\"og:image\" content=\"https:\/\/fundacionhumanismoyciencia.org\/wp-content\/uploads\/2024\/04\/Entrega-de-Premios.jpg\" \/>\n<meta name=\"twitter:card\" content=\"summary_large_image\" \/>\n<meta name=\"twitter:label1\" content=\"Estimated reading time\" \/>\n\t<meta name=\"twitter:data1\" content=\"2 minutes\" \/>\n<script type=\"application\/ld+json\" class=\"yoast-schema-graph\">{\"@context\":\"https:\/\/schema.org\",\"@graph\":[{\"@type\":\"WebPage\",\"@id\":\"https:\/\/fundacionhumanismoyciencia.org\/premios-zapata-briceno\/\",\"url\":\"https:\/\/fundacionhumanismoyciencia.org\/premios-zapata-briceno\/\",\"name\":\"Premios Zapata Brice\u00f1o - Fundaci\u00f3n humanismo y ciencia\",\"isPartOf\":{\"@id\":\"https:\/\/fundacionhumanismoyciencia.org\/#website\"},\"primaryImageOfPage\":{\"@id\":\"https:\/\/fundacionhumanismoyciencia.org\/premios-zapata-briceno\/#primaryimage\"},\"image\":{\"@id\":\"https:\/\/fundacionhumanismoyciencia.org\/premios-zapata-briceno\/#primaryimage\"},\"thumbnailUrl\":\"https:\/\/fundacionhumanismoyciencia.org\/wp-content\/uploads\/2024\/04\/Entrega-de-Premios.jpg\",\"datePublished\":\"2024-04-25T09:54:48+00:00\",\"dateModified\":\"2024-04-29T08:49:54+00:00\",\"breadcrumb\":{\"@id\":\"https:\/\/fundacionhumanismoyciencia.org\/premios-zapata-briceno\/#breadcrumb\"},\"inLanguage\":\"en-GB\",\"potentialAction\":[{\"@type\":\"ReadAction\",\"target\":[\"https:\/\/fundacionhumanismoyciencia.org\/premios-zapata-briceno\/\"]}]},{\"@type\":\"ImageObject\",\"inLanguage\":\"en-GB\",\"@id\":\"https:\/\/fundacionhumanismoyciencia.org\/premios-zapata-briceno\/#primaryimage\",\"url\":\"https:\/\/fundacionhumanismoyciencia.org\/wp-content\/uploads\/2024\/04\/Entrega-de-Premios.jpg\",\"contentUrl\":\"https:\/\/fundacionhumanismoyciencia.org\/wp-content\/uploads\/2024\/04\/Entrega-de-Premios.jpg\"},{\"@type\":\"BreadcrumbList\",\"@id\":\"https:\/\/fundacionhumanismoyciencia.org\/premios-zapata-briceno\/#breadcrumb\",\"itemListElement\":[{\"@type\":\"ListItem\",\"position\":1,\"name\":\"Portada\",\"item\":\"https:\/\/fundacionhumanismoyciencia.org\/\"},{\"@type\":\"ListItem\",\"position\":2,\"name\":\"Premios Zapata Brice\u00f1o\"}]},{\"@type\":\"WebSite\",\"@id\":\"https:\/\/fundacionhumanismoyciencia.org\/#website\",\"url\":\"https:\/\/fundacionhumanismoyciencia.org\/\",\"name\":\"Fundaci\u00f3n humanismo y ciencia\",\"description\":\"\",\"publisher\":{\"@id\":\"https:\/\/fundacionhumanismoyciencia.org\/#organization\"},\"potentialAction\":[{\"@type\":\"SearchAction\",\"target\":{\"@type\":\"EntryPoint\",\"urlTemplate\":\"https:\/\/fundacionhumanismoyciencia.org\/?s={search_term_string}\"},\"query-input\":{\"@type\":\"PropertyValueSpecification\",\"valueRequired\":true,\"valueName\":\"search_term_string\"}}],\"inLanguage\":\"en-GB\"},{\"@type\":\"Organization\",\"@id\":\"https:\/\/fundacionhumanismoyciencia.org\/#organization\",\"name\":\"Fundaci\u00f3n humanismo y ciencia\",\"url\":\"https:\/\/fundacionhumanismoyciencia.org\/\",\"logo\":{\"@type\":\"ImageObject\",\"inLanguage\":\"en-GB\",\"@id\":\"https:\/\/fundacionhumanismoyciencia.org\/#\/schema\/logo\/image\/\",\"url\":\"https:\/\/fundacionhumanismoyciencia.org\/wp-content\/uploads\/2024\/01\/Logo_Cabecera_15.png\",\"contentUrl\":\"https:\/\/fundacionhumanismoyciencia.org\/wp-content\/uploads\/2024\/01\/Logo_Cabecera_15.png\",\"width\":504,\"height\":76,\"caption\":\"Fundaci\u00f3n humanismo y ciencia\"},\"image\":{\"@id\":\"https:\/\/fundacionhumanismoyciencia.org\/#\/schema\/logo\/image\/\"},\"sameAs\":[\"https:\/\/www.facebook.com\/fundacionhumanismoyciencia\",\"https:\/\/www.instagram.com\/fundacionhumanismoyciencia_\/\",\"https:\/\/www.linkedin.com\/company\/fundacion-humanismo-y-ciencia\/\",\"https:\/\/www.youtube.com\/@fundacion_humanismo_ciencia\"]}]}<\/script>\n<!-- \/ Yoast SEO plugin. -->","yoast_head_json":{"title":"Premios Zapata Brice\u00f1o - Fundaci\u00f3n humanismo y ciencia","robots":{"index":"index","follow":"follow","max-snippet":"max-snippet:-1","max-image-preview":"max-image-preview:large","max-video-preview":"max-video-preview:-1"},"canonical":"https:\/\/fundacionhumanismoyciencia.org\/en\/premios-zapata-briceno\/","og_locale":"en_GB","og_type":"article","og_title":"Premios Zapata Brice\u00f1o - Fundaci\u00f3n humanismo y ciencia","og_description":"\u2190 PRENSA Celebrando el Talento y el M\u00e9rito Acad\u00e9mico: Los Premios Zapata Brice\u00f1o La Fundaci\u00f3n Humanismo y Ciencia ha procedido a la entrega de los Premios Zapata Brice\u00f1o al Talento y al M\u00e9rito Acad\u00e9mico. Este evento se llev\u00f3 a cabo el 24 de noviembre del 2023 en la Biblioteca Hist\u00f3rica de la Universidad Complutense, donde [&hellip;]","og_url":"https:\/\/fundacionhumanismoyciencia.org\/en\/premios-zapata-briceno\/","og_site_name":"Fundaci\u00f3n humanismo y ciencia","article_publisher":"https:\/\/www.facebook.com\/fundacionhumanismoyciencia","article_modified_time":"2024-04-29T08:49:54+00:00","og_image":[{"url":"https:\/\/fundacionhumanismoyciencia.org\/wp-content\/uploads\/2024\/04\/Entrega-de-Premios.jpg","type":"","width":"","height":""}],"twitter_card":"summary_large_image","twitter_misc":{"Estimated reading time":"2 minutes"},"schema":{"@context":"https:\/\/schema.org","@graph":[{"@type":"WebPage","@id":"https:\/\/fundacionhumanismoyciencia.org\/premios-zapata-briceno\/","url":"https:\/\/fundacionhumanismoyciencia.org\/premios-zapata-briceno\/","name":"Premios Zapata Brice\u00f1o - Fundaci\u00f3n humanismo y ciencia","isPartOf":{"@id":"https:\/\/fundacionhumanismoyciencia.org\/#website"},"primaryImageOfPage":{"@id":"https:\/\/fundacionhumanismoyciencia.org\/premios-zapata-briceno\/#primaryimage"},"image":{"@id":"https:\/\/fundacionhumanismoyciencia.org\/premios-zapata-briceno\/#primaryimage"},"thumbnailUrl":"https:\/\/fundacionhumanismoyciencia.org\/wp-content\/uploads\/2024\/04\/Entrega-de-Premios.jpg","datePublished":"2024-04-25T09:54:48+00:00","dateModified":"2024-04-29T08:49:54+00:00","breadcrumb":{"@id":"https:\/\/fundacionhumanismoyciencia.org\/premios-zapata-briceno\/#breadcrumb"},"inLanguage":"en-GB","potentialAction":[{"@type":"ReadAction","target":["https:\/\/fundacionhumanismoyciencia.org\/premios-zapata-briceno\/"]}]},{"@type":"ImageObject","inLanguage":"en-GB","@id":"https:\/\/fundacionhumanismoyciencia.org\/premios-zapata-briceno\/#primaryimage","url":"https:\/\/fundacionhumanismoyciencia.org\/wp-content\/uploads\/2024\/04\/Entrega-de-Premios.jpg","contentUrl":"https:\/\/fundacionhumanismoyciencia.org\/wp-content\/uploads\/2024\/04\/Entrega-de-Premios.jpg"},{"@type":"BreadcrumbList","@id":"https:\/\/fundacionhumanismoyciencia.org\/premios-zapata-briceno\/#breadcrumb","itemListElement":[{"@type":"ListItem","position":1,"name":"Portada","item":"https:\/\/fundacionhumanismoyciencia.org\/"},{"@type":"ListItem","position":2,"name":"Premios Zapata Brice\u00f1o"}]},{"@type":"WebSite","@id":"https:\/\/fundacionhumanismoyciencia.org\/#website","url":"https:\/\/fundacionhumanismoyciencia.org\/","name":"Fundaci\u00f3n humanismo y ciencia","description":"","publisher":{"@id":"https:\/\/fundacionhumanismoyciencia.org\/#organization"},"potentialAction":[{"@type":"SearchAction","target":{"@type":"EntryPoint","urlTemplate":"https:\/\/fundacionhumanismoyciencia.org\/?s={search_term_string}"},"query-input":{"@type":"PropertyValueSpecification","valueRequired":true,"valueName":"search_term_string"}}],"inLanguage":"en-GB"},{"@type":"Organization","@id":"https:\/\/fundacionhumanismoyciencia.org\/#organization","name":"Fundaci\u00f3n humanismo y ciencia","url":"https:\/\/fundacionhumanismoyciencia.org\/","logo":{"@type":"ImageObject","inLanguage":"en-GB","@id":"https:\/\/fundacionhumanismoyciencia.org\/#\/schema\/logo\/image\/","url":"https:\/\/fundacionhumanismoyciencia.org\/wp-content\/uploads\/2024\/01\/Logo_Cabecera_15.png","contentUrl":"https:\/\/fundacionhumanismoyciencia.org\/wp-content\/uploads\/2024\/01\/Logo_Cabecera_15.png","width":504,"height":76,"caption":"Fundaci\u00f3n humanismo y ciencia"},"image":{"@id":"https:\/\/fundacionhumanismoyciencia.org\/#\/schema\/logo\/image\/"},"sameAs":["https:\/\/www.facebook.com\/fundacionhumanismoyciencia","https:\/\/www.instagram.com\/fundacionhumanismoyciencia_\/","https:\/\/www.linkedin.com\/company\/fundacion-humanismo-y-ciencia\/","https:\/\/www.youtube.com\/@fundacion_humanismo_ciencia"]}]}},"_links":{"self":[{"href":"https:\/\/fundacionhumanismoyciencia.org\/en\/wp-json\/wp\/v2\/pages\/3177","targetHints":{"allow":["GET"]}}],"collection":[{"href":"https:\/\/fundacionhumanismoyciencia.org\/en\/wp-json\/wp\/v2\/pages"}],"about":[{"href":"https:\/\/fundacionhumanismoyciencia.org\/en\/wp-json\/wp\/v2\/types\/page"}],"author":[{"embeddable":true,"href":"https:\/\/fundacionhumanismoyciencia.org\/en\/wp-json\/wp\/v2\/users\/2"}],"replies":[{"embeddable":true,"href":"https:\/\/fundacionhumanismoyciencia.org\/en\/wp-json\/wp\/v2\/comments?post=3177"}],"version-history":[{"count":8,"href":"https:\/\/fundacionhumanismoyciencia.org\/en\/wp-json\/wp\/v2\/pages\/3177\/revisions"}],"predecessor-version":[{"id":3205,"href":"https:\/\/fundacionhumanismoyciencia.org\/en\/wp-json\/wp\/v2\/pages\/3177\/revisions\/3205"}],"wp:attachment":[{"href":"https:\/\/fundacionhumanismoyciencia.org\/en\/wp-json\/wp\/v2\/media?parent=3177"}],"curies":[{"name":"wp","href":"https:\/\/api.w.org\/{rel}","templated":true}]}}