{"id":3085,"date":"2024-04-19T14:12:12","date_gmt":"2024-04-19T12:12:12","guid":{"rendered":"https:\/\/fundacionhumanismoyciencia.org\/?page_id=3085"},"modified":"2024-04-23T12:44:08","modified_gmt":"2024-04-23T10:44:08","slug":"programa-de-ayudas-al-estudio-en-icae","status":"publish","type":"page","link":"https:\/\/fundacionhumanismoyciencia.org\/en\/programa-de-ayudas-al-estudio-en-icae\/","title":{"rendered":"Programa de ayudas al estudio en ICAE"},"content":{"rendered":"<div data-elementor-type=\"wp-page\" data-elementor-id=\"3085\" class=\"elementor elementor-3085\" data-elementor-post-type=\"page\">\n\t\t\t\t<div class=\"elementor-element elementor-element-d182ae3 e-flex e-con-boxed e-con e-parent\" data-id=\"d182ae3\" data-element_type=\"container\" data-e-type=\"container\">\n\t\t\t\t\t<div class=\"e-con-inner\">\n\t\t<div class=\"elementor-element elementor-element-442fb04 e-con-full e-flex e-con e-child\" data-id=\"442fb04\" data-element_type=\"container\" data-e-type=\"container\">\n\t\t\t\t<div class=\"elementor-element elementor-element-3dea7dcb elementor-invisible elementor-widget elementor-widget-button\" data-id=\"3dea7dcb\" data-element_type=\"widget\" data-e-type=\"widget\" data-settings=\"{&quot;_animation&quot;:&quot;fadeInDown&quot;,&quot;_animation_laptop&quot;:&quot;fadeInRight&quot;}\" data-widget_type=\"button.default\">\n\t\t\t\t<div class=\"elementor-widget-container\">\n\t\t\t\t\t\t\t\t\t<div class=\"elementor-button-wrapper\">\n\t\t\t\t\t<a class=\"elementor-button elementor-button-link elementor-size-sm\" href=\"https:\/\/fundacionhumanismoyciencia.org\/en\/becas-carlos-zapata\/\">\n\t\t\t\t\t\t<span class=\"elementor-button-content-wrapper\">\n\t\t\t\t\t\t\t\t\t<span class=\"elementor-button-text\">\u2190 SCHOLARSHIPS<\/span>\n\t\t\t\t\t<\/span>\n\t\t\t\t\t<\/a>\n\t\t\t\t<\/div>\n\t\t\t\t\t\t\t\t<\/div>\n\t\t\t\t<\/div>\n\t\t\t\t<\/div>\n\t\t<div class=\"elementor-element elementor-element-7cb43c2f e-con-full e-flex e-con e-child\" data-id=\"7cb43c2f\" data-element_type=\"container\" data-e-type=\"container\">\n\t\t\t\t<div class=\"elementor-element elementor-element-4c2ab14f elementor-widget elementor-widget-image\" data-id=\"4c2ab14f\" data-element_type=\"widget\" data-e-type=\"widget\" data-widget_type=\"image.default\">\n\t\t\t\t<div class=\"elementor-widget-container\">\n\t\t\t\t\t\t\t\t\t\t\t\t\t\t\t<img fetchpriority=\"high\" decoding=\"async\" width=\"800\" height=\"350\" src=\"https:\/\/fundacionhumanismoyciencia.org\/wp-content\/uploads\/2024\/04\/ICAE.jpg\" class=\"attachment-full size-full wp-image-3088\" alt=\"ICAE\" srcset=\"https:\/\/fundacionhumanismoyciencia.org\/wp-content\/uploads\/2024\/04\/ICAE.jpg 800w, https:\/\/fundacionhumanismoyciencia.org\/wp-content\/uploads\/2024\/04\/ICAE-300x131.jpg 300w, https:\/\/fundacionhumanismoyciencia.org\/wp-content\/uploads\/2024\/04\/ICAE-768x336.jpg 768w\" sizes=\"(max-width: 800px) 100vw, 800px\" \/>\t\t\t\t\t\t\t\t\t\t\t\t\t\t\t<\/div>\n\t\t\t\t<\/div>\n\t\t\t\t<div class=\"elementor-element elementor-element-68af488a colortext elementor-widget elementor-widget-heading\" data-id=\"68af488a\" data-element_type=\"widget\" data-e-type=\"widget\" data-widget_type=\"heading.default\">\n\t\t\t\t<div class=\"elementor-widget-container\">\n\t\t\t\t\t<h1 class=\"elementor-heading-title elementor-size-default\">Study aid programs at ICAE<\/h1>\t\t\t\t<\/div>\n\t\t\t\t<\/div>\n\t\t\t\t<div class=\"elementor-element elementor-element-5ebd008d colortext elementor-widget elementor-widget-heading\" data-id=\"5ebd008d\" data-element_type=\"widget\" data-e-type=\"widget\" data-widget_type=\"heading.default\">\n\t\t\t\t<div class=\"elementor-widget-container\">\n\t\t\t\t\t<h2 class=\"elementor-heading-title elementor-size-default\">\"Fostering Academic Success: Aid Programs at ICAE\"<\/h2>\t\t\t\t<\/div>\n\t\t\t\t<\/div>\n\t\t\t\t<div class=\"elementor-element elementor-element-1199f315 elementor-widget elementor-widget-text-editor\" data-id=\"1199f315\" data-element_type=\"widget\" data-e-type=\"widget\" data-widget_type=\"text-editor.default\">\n\t\t\t\t<div class=\"elementor-widget-container\">\n\t\t\t\t\t\t\t\t\t<p>La colaboraci\u00f3n entre la <strong>Humanism and Science Foundation<\/strong> y la <strong>Universidad Pontificia Comillas<\/strong>, en el marco del Programa de Ayudas al Estudio en <strong>ICAI<\/strong>, se estableci\u00f3 mediante un convenio firmado el 10 de julio de 2020. Con esta ayuda, la Fundaci\u00f3n Humanismo y Ciencia realiz\u00f3 una aportaci\u00f3n econ\u00f3mica para respaldar el acceso a los estudios de Ingenier\u00eda en la Escuela T\u00e9cnica Superior de Ingenier\u00eda Comillas-ICAI durante el <strong>curso acad\u00e9mico 2020-2021<\/strong>. Este convenio, reflejo del compromiso conjunto de ambas instituciones, tiene como objetivo primordial promover la educaci\u00f3n superior en el \u00e1mbito de la ingenier\u00eda, especialmente para aquellos estudiantes con destacados m\u00e9ritos acad\u00e9micos, pero recursos econ\u00f3micos limitados.<\/p>\t\t\t\t\t\t\t\t<\/div>\n\t\t\t\t<\/div>\n\t\t\t\t<\/div>\n\t\t<div class=\"elementor-element elementor-element-2259bfcc e-con-full e-flex e-con e-child\" data-id=\"2259bfcc\" data-element_type=\"container\" data-e-type=\"container\">\n\t\t\t\t<\/div>\n\t\t\t\t\t<\/div>\n\t\t\t\t<\/div>\n\t\t\t\t<\/div>","protected":false},"excerpt":{"rendered":"<p>\u2190 BECAS Programas de ayudas al estudio en ICAE \u00abFomentando el \u00c9xito Acad\u00e9mico: Programas de Ayudas en ICAE\u00bb La colaboraci\u00f3n entre la Fundaci\u00f3n Humanismo y Ciencia y la Universidad Pontificia Comillas, en el marco del Programa de Ayudas al Estudio en ICAI, se estableci\u00f3 mediante un convenio firmado el 10 de julio de 2020. Con [&hellip;]<\/p>\n","protected":false},"author":2,"featured_media":0,"parent":0,"menu_order":0,"comment_status":"closed","ping_status":"closed","template":"","meta":{"_acf_changed":false,"footnotes":""},"class_list":["post-3085","page","type-page","status-publish","hentry"],"acf":[],"yoast_head":"<!-- This site is optimized with the Yoast SEO plugin v27.1.1 - https:\/\/yoast.com\/product\/yoast-seo-wordpress\/ -->\n<title>Programa de ayudas al estudio en ICAE - Fundaci\u00f3n humanismo y ciencia<\/title>\n<meta name=\"robots\" content=\"index, follow, max-snippet:-1, max-image-preview:large, max-video-preview:-1\" \/>\n<link rel=\"canonical\" href=\"https:\/\/fundacionhumanismoyciencia.org\/en\/programa-de-ayudas-al-estudio-en-icae\/\" \/>\n<meta property=\"og:locale\" content=\"en_GB\" \/>\n<meta property=\"og:type\" content=\"article\" \/>\n<meta property=\"og:title\" content=\"Programa de ayudas al estudio en ICAE - Fundaci\u00f3n humanismo y ciencia\" \/>\n<meta property=\"og:description\" content=\"\u2190 BECAS Programas de ayudas al estudio en ICAE \u00abFomentando el \u00c9xito Acad\u00e9mico: Programas de Ayudas en ICAE\u00bb La colaboraci\u00f3n entre la Fundaci\u00f3n Humanismo y Ciencia y la Universidad Pontificia Comillas, en el marco del Programa de Ayudas al Estudio en ICAI, se estableci\u00f3 mediante un convenio firmado el 10 de julio de 2020. Con [&hellip;]\" \/>\n<meta property=\"og:url\" content=\"https:\/\/fundacionhumanismoyciencia.org\/en\/programa-de-ayudas-al-estudio-en-icae\/\" \/>\n<meta property=\"og:site_name\" content=\"Fundaci\u00f3n humanismo y ciencia\" \/>\n<meta property=\"article:publisher\" content=\"https:\/\/www.facebook.com\/fundacionhumanismoyciencia\" \/>\n<meta property=\"article:modified_time\" content=\"2024-04-23T10:44:08+00:00\" \/>\n<meta property=\"og:image\" content=\"https:\/\/fundacionhumanismoyciencia.org\/wp-content\/uploads\/2024\/04\/ICAE.jpg\" \/>\n<meta name=\"twitter:card\" content=\"summary_large_image\" \/>\n<meta name=\"twitter:label1\" content=\"Estimated reading time\" \/>\n\t<meta name=\"twitter:data1\" content=\"1 minute\" \/>\n<script type=\"application\/ld+json\" class=\"yoast-schema-graph\">{\"@context\":\"https:\/\/schema.org\",\"@graph\":[{\"@type\":\"WebPage\",\"@id\":\"https:\/\/fundacionhumanismoyciencia.org\/programa-de-ayudas-al-estudio-en-icae\/\",\"url\":\"https:\/\/fundacionhumanismoyciencia.org\/programa-de-ayudas-al-estudio-en-icae\/\",\"name\":\"Programa de ayudas al estudio en ICAE - Fundaci\u00f3n humanismo y ciencia\",\"isPartOf\":{\"@id\":\"https:\/\/fundacionhumanismoyciencia.org\/#website\"},\"primaryImageOfPage\":{\"@id\":\"https:\/\/fundacionhumanismoyciencia.org\/programa-de-ayudas-al-estudio-en-icae\/#primaryimage\"},\"image\":{\"@id\":\"https:\/\/fundacionhumanismoyciencia.org\/programa-de-ayudas-al-estudio-en-icae\/#primaryimage\"},\"thumbnailUrl\":\"https:\/\/fundacionhumanismoyciencia.org\/wp-content\/uploads\/2024\/04\/ICAE.jpg\",\"datePublished\":\"2024-04-19T12:12:12+00:00\",\"dateModified\":\"2024-04-23T10:44:08+00:00\",\"breadcrumb\":{\"@id\":\"https:\/\/fundacionhumanismoyciencia.org\/programa-de-ayudas-al-estudio-en-icae\/#breadcrumb\"},\"inLanguage\":\"en-GB\",\"potentialAction\":[{\"@type\":\"ReadAction\",\"target\":[\"https:\/\/fundacionhumanismoyciencia.org\/programa-de-ayudas-al-estudio-en-icae\/\"]}]},{\"@type\":\"ImageObject\",\"inLanguage\":\"en-GB\",\"@id\":\"https:\/\/fundacionhumanismoyciencia.org\/programa-de-ayudas-al-estudio-en-icae\/#primaryimage\",\"url\":\"https:\/\/fundacionhumanismoyciencia.org\/wp-content\/uploads\/2024\/04\/ICAE.jpg\",\"contentUrl\":\"https:\/\/fundacionhumanismoyciencia.org\/wp-content\/uploads\/2024\/04\/ICAE.jpg\"},{\"@type\":\"BreadcrumbList\",\"@id\":\"https:\/\/fundacionhumanismoyciencia.org\/programa-de-ayudas-al-estudio-en-icae\/#breadcrumb\",\"itemListElement\":[{\"@type\":\"ListItem\",\"position\":1,\"name\":\"Portada\",\"item\":\"https:\/\/fundacionhumanismoyciencia.org\/\"},{\"@type\":\"ListItem\",\"position\":2,\"name\":\"Programa de ayudas al estudio en ICAE\"}]},{\"@type\":\"WebSite\",\"@id\":\"https:\/\/fundacionhumanismoyciencia.org\/#website\",\"url\":\"https:\/\/fundacionhumanismoyciencia.org\/\",\"name\":\"Fundaci\u00f3n humanismo y ciencia\",\"description\":\"\",\"publisher\":{\"@id\":\"https:\/\/fundacionhumanismoyciencia.org\/#organization\"},\"potentialAction\":[{\"@type\":\"SearchAction\",\"target\":{\"@type\":\"EntryPoint\",\"urlTemplate\":\"https:\/\/fundacionhumanismoyciencia.org\/?s={search_term_string}\"},\"query-input\":{\"@type\":\"PropertyValueSpecification\",\"valueRequired\":true,\"valueName\":\"search_term_string\"}}],\"inLanguage\":\"en-GB\"},{\"@type\":\"Organization\",\"@id\":\"https:\/\/fundacionhumanismoyciencia.org\/#organization\",\"name\":\"Fundaci\u00f3n humanismo y ciencia\",\"url\":\"https:\/\/fundacionhumanismoyciencia.org\/\",\"logo\":{\"@type\":\"ImageObject\",\"inLanguage\":\"en-GB\",\"@id\":\"https:\/\/fundacionhumanismoyciencia.org\/#\/schema\/logo\/image\/\",\"url\":\"https:\/\/fundacionhumanismoyciencia.org\/wp-content\/uploads\/2024\/01\/Logo_Cabecera_15.png\",\"contentUrl\":\"https:\/\/fundacionhumanismoyciencia.org\/wp-content\/uploads\/2024\/01\/Logo_Cabecera_15.png\",\"width\":504,\"height\":76,\"caption\":\"Fundaci\u00f3n humanismo y ciencia\"},\"image\":{\"@id\":\"https:\/\/fundacionhumanismoyciencia.org\/#\/schema\/logo\/image\/\"},\"sameAs\":[\"https:\/\/www.facebook.com\/fundacionhumanismoyciencia\",\"https:\/\/www.instagram.com\/fundacionhumanismoyciencia_\/\",\"https:\/\/www.linkedin.com\/company\/fundacion-humanismo-y-ciencia\/\",\"https:\/\/www.youtube.com\/@fundacion_humanismo_ciencia\"]}]}<\/script>\n<!-- \/ Yoast SEO plugin. -->","yoast_head_json":{"title":"Programa de ayudas al estudio en ICAE - Fundaci\u00f3n humanismo y ciencia","robots":{"index":"index","follow":"follow","max-snippet":"max-snippet:-1","max-image-preview":"max-image-preview:large","max-video-preview":"max-video-preview:-1"},"canonical":"https:\/\/fundacionhumanismoyciencia.org\/en\/programa-de-ayudas-al-estudio-en-icae\/","og_locale":"en_GB","og_type":"article","og_title":"Programa de ayudas al estudio en ICAE - Fundaci\u00f3n humanismo y ciencia","og_description":"\u2190 BECAS Programas de ayudas al estudio en ICAE \u00abFomentando el \u00c9xito Acad\u00e9mico: Programas de Ayudas en ICAE\u00bb La colaboraci\u00f3n entre la Fundaci\u00f3n Humanismo y Ciencia y la Universidad Pontificia Comillas, en el marco del Programa de Ayudas al Estudio en ICAI, se estableci\u00f3 mediante un convenio firmado el 10 de julio de 2020. Con [&hellip;]","og_url":"https:\/\/fundacionhumanismoyciencia.org\/en\/programa-de-ayudas-al-estudio-en-icae\/","og_site_name":"Fundaci\u00f3n humanismo y ciencia","article_publisher":"https:\/\/www.facebook.com\/fundacionhumanismoyciencia","article_modified_time":"2024-04-23T10:44:08+00:00","og_image":[{"url":"https:\/\/fundacionhumanismoyciencia.org\/wp-content\/uploads\/2024\/04\/ICAE.jpg","type":"","width":"","height":""}],"twitter_card":"summary_large_image","twitter_misc":{"Estimated reading time":"1 minute"},"schema":{"@context":"https:\/\/schema.org","@graph":[{"@type":"WebPage","@id":"https:\/\/fundacionhumanismoyciencia.org\/programa-de-ayudas-al-estudio-en-icae\/","url":"https:\/\/fundacionhumanismoyciencia.org\/programa-de-ayudas-al-estudio-en-icae\/","name":"Programa de ayudas al estudio en ICAE - Fundaci\u00f3n humanismo y ciencia","isPartOf":{"@id":"https:\/\/fundacionhumanismoyciencia.org\/#website"},"primaryImageOfPage":{"@id":"https:\/\/fundacionhumanismoyciencia.org\/programa-de-ayudas-al-estudio-en-icae\/#primaryimage"},"image":{"@id":"https:\/\/fundacionhumanismoyciencia.org\/programa-de-ayudas-al-estudio-en-icae\/#primaryimage"},"thumbnailUrl":"https:\/\/fundacionhumanismoyciencia.org\/wp-content\/uploads\/2024\/04\/ICAE.jpg","datePublished":"2024-04-19T12:12:12+00:00","dateModified":"2024-04-23T10:44:08+00:00","breadcrumb":{"@id":"https:\/\/fundacionhumanismoyciencia.org\/programa-de-ayudas-al-estudio-en-icae\/#breadcrumb"},"inLanguage":"en-GB","potentialAction":[{"@type":"ReadAction","target":["https:\/\/fundacionhumanismoyciencia.org\/programa-de-ayudas-al-estudio-en-icae\/"]}]},{"@type":"ImageObject","inLanguage":"en-GB","@id":"https:\/\/fundacionhumanismoyciencia.org\/programa-de-ayudas-al-estudio-en-icae\/#primaryimage","url":"https:\/\/fundacionhumanismoyciencia.org\/wp-content\/uploads\/2024\/04\/ICAE.jpg","contentUrl":"https:\/\/fundacionhumanismoyciencia.org\/wp-content\/uploads\/2024\/04\/ICAE.jpg"},{"@type":"BreadcrumbList","@id":"https:\/\/fundacionhumanismoyciencia.org\/programa-de-ayudas-al-estudio-en-icae\/#breadcrumb","itemListElement":[{"@type":"ListItem","position":1,"name":"Portada","item":"https:\/\/fundacionhumanismoyciencia.org\/"},{"@type":"ListItem","position":2,"name":"Programa de ayudas al estudio en ICAE"}]},{"@type":"WebSite","@id":"https:\/\/fundacionhumanismoyciencia.org\/#website","url":"https:\/\/fundacionhumanismoyciencia.org\/","name":"Fundaci\u00f3n humanismo y ciencia","description":"","publisher":{"@id":"https:\/\/fundacionhumanismoyciencia.org\/#organization"},"potentialAction":[{"@type":"SearchAction","target":{"@type":"EntryPoint","urlTemplate":"https:\/\/fundacionhumanismoyciencia.org\/?s={search_term_string}"},"query-input":{"@type":"PropertyValueSpecification","valueRequired":true,"valueName":"search_term_string"}}],"inLanguage":"en-GB"},{"@type":"Organization","@id":"https:\/\/fundacionhumanismoyciencia.org\/#organization","name":"Fundaci\u00f3n humanismo y ciencia","url":"https:\/\/fundacionhumanismoyciencia.org\/","logo":{"@type":"ImageObject","inLanguage":"en-GB","@id":"https:\/\/fundacionhumanismoyciencia.org\/#\/schema\/logo\/image\/","url":"https:\/\/fundacionhumanismoyciencia.org\/wp-content\/uploads\/2024\/01\/Logo_Cabecera_15.png","contentUrl":"https:\/\/fundacionhumanismoyciencia.org\/wp-content\/uploads\/2024\/01\/Logo_Cabecera_15.png","width":504,"height":76,"caption":"Fundaci\u00f3n humanismo y ciencia"},"image":{"@id":"https:\/\/fundacionhumanismoyciencia.org\/#\/schema\/logo\/image\/"},"sameAs":["https:\/\/www.facebook.com\/fundacionhumanismoyciencia","https:\/\/www.instagram.com\/fundacionhumanismoyciencia_\/","https:\/\/www.linkedin.com\/company\/fundacion-humanismo-y-ciencia\/","https:\/\/www.youtube.com\/@fundacion_humanismo_ciencia"]}]}},"_links":{"self":[{"href":"https:\/\/fundacionhumanismoyciencia.org\/en\/wp-json\/wp\/v2\/pages\/3085","targetHints":{"allow":["GET"]}}],"collection":[{"href":"https:\/\/fundacionhumanismoyciencia.org\/en\/wp-json\/wp\/v2\/pages"}],"about":[{"href":"https:\/\/fundacionhumanismoyciencia.org\/en\/wp-json\/wp\/v2\/types\/page"}],"author":[{"embeddable":true,"href":"https:\/\/fundacionhumanismoyciencia.org\/en\/wp-json\/wp\/v2\/users\/2"}],"replies":[{"embeddable":true,"href":"https:\/\/fundacionhumanismoyciencia.org\/en\/wp-json\/wp\/v2\/comments?post=3085"}],"version-history":[{"count":8,"href":"https:\/\/fundacionhumanismoyciencia.org\/en\/wp-json\/wp\/v2\/pages\/3085\/revisions"}],"predecessor-version":[{"id":3147,"href":"https:\/\/fundacionhumanismoyciencia.org\/en\/wp-json\/wp\/v2\/pages\/3085\/revisions\/3147"}],"wp:attachment":[{"href":"https:\/\/fundacionhumanismoyciencia.org\/en\/wp-json\/wp\/v2\/media?parent=3085"}],"curies":[{"name":"wp","href":"https:\/\/api.w.org\/{rel}","templated":true}]}}