{"id":3058,"date":"2024-04-19T13:16:44","date_gmt":"2024-04-19T11:16:44","guid":{"rendered":"https:\/\/fundacionhumanismoyciencia.org\/?page_id=3058"},"modified":"2024-04-29T10:47:53","modified_gmt":"2024-04-29T08:47:53","slug":"becas-alumnos-de-alta-capacidades","status":"publish","type":"page","link":"https:\/\/fundacionhumanismoyciencia.org\/en\/becas-alumnos-de-alta-capacidades\/","title":{"rendered":"Becas alumnos de alta capacidades"},"content":{"rendered":"<div data-elementor-type=\"wp-page\" data-elementor-id=\"3058\" class=\"elementor elementor-3058\" data-elementor-post-type=\"page\">\n\t\t\t\t<div class=\"elementor-element elementor-element-5252ab52 e-flex e-con-boxed e-con e-parent\" data-id=\"5252ab52\" data-element_type=\"container\" data-e-type=\"container\">\n\t\t\t\t\t<div class=\"e-con-inner\">\n\t\t<div class=\"elementor-element elementor-element-4da320e8 e-con-full e-flex e-con e-child\" data-id=\"4da320e8\" data-element_type=\"container\" data-e-type=\"container\">\n\t\t\t\t<div class=\"elementor-element elementor-element-5bce979 elementor-invisible elementor-widget elementor-widget-button\" data-id=\"5bce979\" data-element_type=\"widget\" data-e-type=\"widget\" data-settings=\"{&quot;_animation&quot;:&quot;fadeInDown&quot;,&quot;_animation_laptop&quot;:&quot;fadeInRight&quot;}\" data-widget_type=\"button.default\">\n\t\t\t\t<div class=\"elementor-widget-container\">\n\t\t\t\t\t\t\t\t\t<div class=\"elementor-button-wrapper\">\n\t\t\t\t\t<a class=\"elementor-button elementor-button-link elementor-size-sm\" href=\"https:\/\/fundacionhumanismoyciencia.org\/en\/becas-carlos-zapata\/\">\n\t\t\t\t\t\t<span class=\"elementor-button-content-wrapper\">\n\t\t\t\t\t\t\t\t\t<span class=\"elementor-button-text\">\u2190 SCHOLARSHIPS<\/span>\n\t\t\t\t\t<\/span>\n\t\t\t\t\t<\/a>\n\t\t\t\t<\/div>\n\t\t\t\t\t\t\t\t<\/div>\n\t\t\t\t<\/div>\n\t\t\t\t<\/div>\n\t\t<div class=\"elementor-element elementor-element-655cb424 e-con-full e-flex e-con e-child\" data-id=\"655cb424\" data-element_type=\"container\" data-e-type=\"container\">\n\t\t\t\t<div class=\"elementor-element elementor-element-7be9c39f elementor-widget elementor-widget-image\" data-id=\"7be9c39f\" data-element_type=\"widget\" data-e-type=\"widget\" data-widget_type=\"image.default\">\n\t\t\t\t<div class=\"elementor-widget-container\">\n\t\t\t\t\t\t\t\t\t\t\t\t\t\t\t<img fetchpriority=\"high\" decoding=\"async\" width=\"1362\" height=\"730\" src=\"https:\/\/fundacionhumanismoyciencia.org\/wp-content\/uploads\/2024\/04\/Entrega-de-becas-2.jpg\" class=\"attachment-full size-full wp-image-3108\" alt=\"Entrega-de-becas-2\" srcset=\"https:\/\/fundacionhumanismoyciencia.org\/wp-content\/uploads\/2024\/04\/Entrega-de-becas-2.jpg 1362w, https:\/\/fundacionhumanismoyciencia.org\/wp-content\/uploads\/2024\/04\/Entrega-de-becas-2-300x161.jpg 300w, https:\/\/fundacionhumanismoyciencia.org\/wp-content\/uploads\/2024\/04\/Entrega-de-becas-2-1024x549.jpg 1024w, https:\/\/fundacionhumanismoyciencia.org\/wp-content\/uploads\/2024\/04\/Entrega-de-becas-2-768x412.jpg 768w\" sizes=\"(max-width: 1362px) 100vw, 1362px\" \/>\t\t\t\t\t\t\t\t\t\t\t\t\t\t\t<\/div>\n\t\t\t\t<\/div>\n\t\t\t\t<div class=\"elementor-element elementor-element-7d3ca59b colortext elementor-widget elementor-widget-heading\" data-id=\"7d3ca59b\" data-element_type=\"widget\" data-e-type=\"widget\" data-widget_type=\"heading.default\">\n\t\t\t\t<div class=\"elementor-widget-container\">\n\t\t\t\t\t<h1 class=\"elementor-heading-title elementor-size-default\">Scholarships for gifted students 2023-2024<\/h1>\t\t\t\t<\/div>\n\t\t\t\t<\/div>\n\t\t\t\t<div class=\"elementor-element elementor-element-3e538d9d colortext elementor-widget elementor-widget-heading\" data-id=\"3e538d9d\" data-element_type=\"widget\" data-e-type=\"widget\" data-widget_type=\"heading.default\">\n\t\t\t\t<div class=\"elementor-widget-container\">\n\t\t\t\t\t<h2 class=\"elementor-heading-title elementor-size-default\">\"Carlos Zapata Scholarship Program: Promoting Talent in the Community of Madrid\"<\/h2>\t\t\t\t<\/div>\n\t\t\t\t<\/div>\n\t\t\t\t<div class=\"elementor-element elementor-element-43799e73 elementor-widget elementor-widget-text-editor\" data-id=\"43799e73\" data-element_type=\"widget\" data-e-type=\"widget\" data-widget_type=\"text-editor.default\">\n\t\t\t\t<div class=\"elementor-widget-container\">\n\t\t\t\t\t\t\t\t\t<p>The Humanism and Science Foundation is pleased to announce that the Carlos Zapata scholarships have been awarded to the students selected for the corresponding academic year. This scholarship program represents a strong commitment to academic development and equal opportunities, providing financial support to gifted students from the Community of Madrid pursuing master's or doctoral degrees in science.<\/p><p><span style=\"color: #c8132a;\"><strong>Recipients:<\/strong><\/span><\/p><p>The Carlos Zapata scholarships from the Humanism and Science Foundation are aimed at gifted students from the Community of Madrid who are pursuing master's or doctoral degrees in any science specialty. Applicants must have an IQ above 120 and be enrolled at institutions based in the Community of Madrid.<\/p><p><strong><span style=\"color: #c8132a;\">Economic Endowment:<\/span><\/strong><\/p><p>The Foundation will provide the scholarships with a total of \u20ac196,000 per year. These scholarships will be divided into 15 salary scholarships for master's students, amounting to \u20ac7,200 per year, payable in nine monthly installments of \u20ac800 per year during the academic year, and 10 salary scholarships for doctoral students, amounting to \u20ac8,800 per year, payable in eleven monthly installments of \u20ac800 per year during the academic year. These scholarships are compatible with any other possible scholarship or financial aid, whether public or private.<\/p><p><strong><span style=\"color: #c8132a;\">Privacy Policy:<\/span><\/strong><\/p><p>The HUMANISMO Y CIENCIA Foundation fully complies with current legislation regarding the protection of personal data. The personal data of scholarship applicants will be processed for the purpose of managing and processing the application and complying with the legal obligations to which the FHC is subject. Applicants may exercise their rights of access, rectification, erasure, restriction of processing, portability, and objection.<\/p><p><strong><span style=\"color: #c8132a;\">Scholarship and Prize Awards:<\/span><\/strong><\/p><p>The Carlos Zapata Scholarship and Award ceremony took place on Friday, November 24th, in the Auditorium of the Marqu\u00e9s de Valdecilla Historical Library at the Complutense University of Madrid. During the event, the foundation's main objectives were presented, a summary of its scientific activities was shared, and a presentation on brain research was given. The ceremony concluded with the presentation of diplomas and awards, which highlighted the institution's commitment and vision.<\/p>\t\t\t\t\t\t\t\t<\/div>\n\t\t\t\t<\/div>\n\t\t\t\t<div class=\"elementor-element elementor-element-79c2ca8f elementor-widget elementor-widget-heading\" data-id=\"79c2ca8f\" data-element_type=\"widget\" data-e-type=\"widget\" data-widget_type=\"heading.default\">\n\t\t\t\t<div class=\"elementor-widget-container\">\n\t\t\t\t\t<h4 class=\"elementor-heading-title elementor-size-default\">We share the summary of the scholarship and awards ceremony, held on November 24, 2023.<\/h4>\t\t\t\t<\/div>\n\t\t\t\t<\/div>\n\t\t\t\t<div class=\"elementor-element elementor-element-33d152ba elementor-widget elementor-widget-video\" data-id=\"33d152ba\" data-element_type=\"widget\" data-e-type=\"widget\" data-settings=\"{&quot;youtube_url&quot;:&quot;https:\\\/\\\/youtu.be\\\/bwFVhswHF48&quot;,&quot;video_type&quot;:&quot;youtube&quot;,&quot;controls&quot;:&quot;yes&quot;}\" data-widget_type=\"video.default\">\n\t\t\t\t<div class=\"elementor-widget-container\">\n\t\t\t\t\t\t\t<div class=\"elementor-wrapper elementor-open-inline\">\n\t\t\t<div class=\"elementor-video\"><\/div>\t\t<\/div>\n\t\t\t\t\t\t<\/div>\n\t\t\t\t<\/div>\n\t\t\t\t<\/div>\n\t\t<div class=\"elementor-element elementor-element-38adeb3a e-con-full e-flex e-con e-child\" data-id=\"38adeb3a\" data-element_type=\"container\" data-e-type=\"container\">\n\t\t\t\t<\/div>\n\t\t\t\t\t<\/div>\n\t\t\t\t<\/div>\n\t\t\t\t<\/div>","protected":false},"excerpt":{"rendered":"<p>\u2190 BECAS Becas para alumnos de altas capacidades 2023 -2024 \u00abPrograma de Becas Carlos Zapata: Impulsando el Talento en la Comunidad de Madrid\u00bb La Fundaci\u00f3n Humanismo y Ciencia anuncia con satisfacci\u00f3n que las becas Carlos Zapata han sido entregadas a los estudiantes seleccionados para el curso acad\u00e9mico correspondiente. Este programa de becas representa un compromiso [&hellip;]<\/p>\n","protected":false},"author":2,"featured_media":0,"parent":0,"menu_order":0,"comment_status":"closed","ping_status":"closed","template":"","meta":{"_acf_changed":false,"footnotes":""},"class_list":["post-3058","page","type-page","status-publish","hentry"],"acf":[],"yoast_head":"<!-- This site is optimized with the Yoast SEO plugin v27.1.1 - https:\/\/yoast.com\/product\/yoast-seo-wordpress\/ -->\n<title>Becas alumnos de alta capacidades - Fundaci\u00f3n humanismo y ciencia<\/title>\n<meta name=\"robots\" content=\"index, follow, max-snippet:-1, max-image-preview:large, max-video-preview:-1\" \/>\n<link rel=\"canonical\" href=\"https:\/\/fundacionhumanismoyciencia.org\/en\/becas-alumnos-de-alta-capacidades\/\" \/>\n<meta property=\"og:locale\" content=\"en_GB\" \/>\n<meta property=\"og:type\" content=\"article\" \/>\n<meta property=\"og:title\" content=\"Becas alumnos de alta capacidades - Fundaci\u00f3n humanismo y ciencia\" \/>\n<meta property=\"og:description\" content=\"\u2190 BECAS Becas para alumnos de altas capacidades 2023 -2024 \u00abPrograma de Becas Carlos Zapata: Impulsando el Talento en la Comunidad de Madrid\u00bb La Fundaci\u00f3n Humanismo y Ciencia anuncia con satisfacci\u00f3n que las becas Carlos Zapata han sido entregadas a los estudiantes seleccionados para el curso acad\u00e9mico correspondiente. Este programa de becas representa un compromiso [&hellip;]\" \/>\n<meta property=\"og:url\" content=\"https:\/\/fundacionhumanismoyciencia.org\/en\/becas-alumnos-de-alta-capacidades\/\" \/>\n<meta property=\"og:site_name\" content=\"Fundaci\u00f3n humanismo y ciencia\" \/>\n<meta property=\"article:publisher\" content=\"https:\/\/www.facebook.com\/fundacionhumanismoyciencia\" \/>\n<meta property=\"article:modified_time\" content=\"2024-04-29T08:47:53+00:00\" \/>\n<meta property=\"og:image\" content=\"https:\/\/fundacionhumanismoyciencia.org\/wp-content\/uploads\/2024\/04\/Entrega-de-becas-2.jpg\" \/>\n<meta name=\"twitter:card\" content=\"summary_large_image\" \/>\n<meta name=\"twitter:label1\" content=\"Estimated reading time\" \/>\n\t<meta name=\"twitter:data1\" content=\"3 minutes\" \/>\n<script type=\"application\/ld+json\" class=\"yoast-schema-graph\">{\"@context\":\"https:\/\/schema.org\",\"@graph\":[{\"@type\":\"WebPage\",\"@id\":\"https:\/\/fundacionhumanismoyciencia.org\/becas-alumnos-de-alta-capacidades\/\",\"url\":\"https:\/\/fundacionhumanismoyciencia.org\/becas-alumnos-de-alta-capacidades\/\",\"name\":\"Becas alumnos de alta capacidades - Fundaci\u00f3n humanismo y ciencia\",\"isPartOf\":{\"@id\":\"https:\/\/fundacionhumanismoyciencia.org\/#website\"},\"primaryImageOfPage\":{\"@id\":\"https:\/\/fundacionhumanismoyciencia.org\/becas-alumnos-de-alta-capacidades\/#primaryimage\"},\"image\":{\"@id\":\"https:\/\/fundacionhumanismoyciencia.org\/becas-alumnos-de-alta-capacidades\/#primaryimage\"},\"thumbnailUrl\":\"https:\/\/fundacionhumanismoyciencia.org\/wp-content\/uploads\/2024\/04\/Entrega-de-becas-2.jpg\",\"datePublished\":\"2024-04-19T11:16:44+00:00\",\"dateModified\":\"2024-04-29T08:47:53+00:00\",\"breadcrumb\":{\"@id\":\"https:\/\/fundacionhumanismoyciencia.org\/becas-alumnos-de-alta-capacidades\/#breadcrumb\"},\"inLanguage\":\"en-GB\",\"potentialAction\":[{\"@type\":\"ReadAction\",\"target\":[\"https:\/\/fundacionhumanismoyciencia.org\/becas-alumnos-de-alta-capacidades\/\"]}]},{\"@type\":\"ImageObject\",\"inLanguage\":\"en-GB\",\"@id\":\"https:\/\/fundacionhumanismoyciencia.org\/becas-alumnos-de-alta-capacidades\/#primaryimage\",\"url\":\"https:\/\/fundacionhumanismoyciencia.org\/wp-content\/uploads\/2024\/04\/Entrega-de-becas-2.jpg\",\"contentUrl\":\"https:\/\/fundacionhumanismoyciencia.org\/wp-content\/uploads\/2024\/04\/Entrega-de-becas-2.jpg\"},{\"@type\":\"BreadcrumbList\",\"@id\":\"https:\/\/fundacionhumanismoyciencia.org\/becas-alumnos-de-alta-capacidades\/#breadcrumb\",\"itemListElement\":[{\"@type\":\"ListItem\",\"position\":1,\"name\":\"Portada\",\"item\":\"https:\/\/fundacionhumanismoyciencia.org\/\"},{\"@type\":\"ListItem\",\"position\":2,\"name\":\"Becas alumnos de alta capacidades\"}]},{\"@type\":\"WebSite\",\"@id\":\"https:\/\/fundacionhumanismoyciencia.org\/#website\",\"url\":\"https:\/\/fundacionhumanismoyciencia.org\/\",\"name\":\"Fundaci\u00f3n humanismo y ciencia\",\"description\":\"\",\"publisher\":{\"@id\":\"https:\/\/fundacionhumanismoyciencia.org\/#organization\"},\"potentialAction\":[{\"@type\":\"SearchAction\",\"target\":{\"@type\":\"EntryPoint\",\"urlTemplate\":\"https:\/\/fundacionhumanismoyciencia.org\/?s={search_term_string}\"},\"query-input\":{\"@type\":\"PropertyValueSpecification\",\"valueRequired\":true,\"valueName\":\"search_term_string\"}}],\"inLanguage\":\"en-GB\"},{\"@type\":\"Organization\",\"@id\":\"https:\/\/fundacionhumanismoyciencia.org\/#organization\",\"name\":\"Fundaci\u00f3n humanismo y ciencia\",\"url\":\"https:\/\/fundacionhumanismoyciencia.org\/\",\"logo\":{\"@type\":\"ImageObject\",\"inLanguage\":\"en-GB\",\"@id\":\"https:\/\/fundacionhumanismoyciencia.org\/#\/schema\/logo\/image\/\",\"url\":\"https:\/\/fundacionhumanismoyciencia.org\/wp-content\/uploads\/2024\/01\/Logo_Cabecera_15.png\",\"contentUrl\":\"https:\/\/fundacionhumanismoyciencia.org\/wp-content\/uploads\/2024\/01\/Logo_Cabecera_15.png\",\"width\":504,\"height\":76,\"caption\":\"Fundaci\u00f3n humanismo y ciencia\"},\"image\":{\"@id\":\"https:\/\/fundacionhumanismoyciencia.org\/#\/schema\/logo\/image\/\"},\"sameAs\":[\"https:\/\/www.facebook.com\/fundacionhumanismoyciencia\",\"https:\/\/www.instagram.com\/fundacionhumanismoyciencia_\/\",\"https:\/\/www.linkedin.com\/company\/fundacion-humanismo-y-ciencia\/\",\"https:\/\/www.youtube.com\/@fundacion_humanismo_ciencia\"]}]}<\/script>\n<!-- \/ Yoast SEO plugin. -->","yoast_head_json":{"title":"Becas alumnos de alta capacidades - Fundaci\u00f3n humanismo y ciencia","robots":{"index":"index","follow":"follow","max-snippet":"max-snippet:-1","max-image-preview":"max-image-preview:large","max-video-preview":"max-video-preview:-1"},"canonical":"https:\/\/fundacionhumanismoyciencia.org\/en\/becas-alumnos-de-alta-capacidades\/","og_locale":"en_GB","og_type":"article","og_title":"Becas alumnos de alta capacidades - Fundaci\u00f3n humanismo y ciencia","og_description":"\u2190 BECAS Becas para alumnos de altas capacidades 2023 -2024 \u00abPrograma de Becas Carlos Zapata: Impulsando el Talento en la Comunidad de Madrid\u00bb La Fundaci\u00f3n Humanismo y Ciencia anuncia con satisfacci\u00f3n que las becas Carlos Zapata han sido entregadas a los estudiantes seleccionados para el curso acad\u00e9mico correspondiente. Este programa de becas representa un compromiso [&hellip;]","og_url":"https:\/\/fundacionhumanismoyciencia.org\/en\/becas-alumnos-de-alta-capacidades\/","og_site_name":"Fundaci\u00f3n humanismo y ciencia","article_publisher":"https:\/\/www.facebook.com\/fundacionhumanismoyciencia","article_modified_time":"2024-04-29T08:47:53+00:00","og_image":[{"url":"https:\/\/fundacionhumanismoyciencia.org\/wp-content\/uploads\/2024\/04\/Entrega-de-becas-2.jpg","type":"","width":"","height":""}],"twitter_card":"summary_large_image","twitter_misc":{"Estimated reading time":"3 minutes"},"schema":{"@context":"https:\/\/schema.org","@graph":[{"@type":"WebPage","@id":"https:\/\/fundacionhumanismoyciencia.org\/becas-alumnos-de-alta-capacidades\/","url":"https:\/\/fundacionhumanismoyciencia.org\/becas-alumnos-de-alta-capacidades\/","name":"Becas alumnos de alta capacidades - Fundaci\u00f3n humanismo y ciencia","isPartOf":{"@id":"https:\/\/fundacionhumanismoyciencia.org\/#website"},"primaryImageOfPage":{"@id":"https:\/\/fundacionhumanismoyciencia.org\/becas-alumnos-de-alta-capacidades\/#primaryimage"},"image":{"@id":"https:\/\/fundacionhumanismoyciencia.org\/becas-alumnos-de-alta-capacidades\/#primaryimage"},"thumbnailUrl":"https:\/\/fundacionhumanismoyciencia.org\/wp-content\/uploads\/2024\/04\/Entrega-de-becas-2.jpg","datePublished":"2024-04-19T11:16:44+00:00","dateModified":"2024-04-29T08:47:53+00:00","breadcrumb":{"@id":"https:\/\/fundacionhumanismoyciencia.org\/becas-alumnos-de-alta-capacidades\/#breadcrumb"},"inLanguage":"en-GB","potentialAction":[{"@type":"ReadAction","target":["https:\/\/fundacionhumanismoyciencia.org\/becas-alumnos-de-alta-capacidades\/"]}]},{"@type":"ImageObject","inLanguage":"en-GB","@id":"https:\/\/fundacionhumanismoyciencia.org\/becas-alumnos-de-alta-capacidades\/#primaryimage","url":"https:\/\/fundacionhumanismoyciencia.org\/wp-content\/uploads\/2024\/04\/Entrega-de-becas-2.jpg","contentUrl":"https:\/\/fundacionhumanismoyciencia.org\/wp-content\/uploads\/2024\/04\/Entrega-de-becas-2.jpg"},{"@type":"BreadcrumbList","@id":"https:\/\/fundacionhumanismoyciencia.org\/becas-alumnos-de-alta-capacidades\/#breadcrumb","itemListElement":[{"@type":"ListItem","position":1,"name":"Portada","item":"https:\/\/fundacionhumanismoyciencia.org\/"},{"@type":"ListItem","position":2,"name":"Becas alumnos de alta capacidades"}]},{"@type":"WebSite","@id":"https:\/\/fundacionhumanismoyciencia.org\/#website","url":"https:\/\/fundacionhumanismoyciencia.org\/","name":"Fundaci\u00f3n humanismo y ciencia","description":"","publisher":{"@id":"https:\/\/fundacionhumanismoyciencia.org\/#organization"},"potentialAction":[{"@type":"SearchAction","target":{"@type":"EntryPoint","urlTemplate":"https:\/\/fundacionhumanismoyciencia.org\/?s={search_term_string}"},"query-input":{"@type":"PropertyValueSpecification","valueRequired":true,"valueName":"search_term_string"}}],"inLanguage":"en-GB"},{"@type":"Organization","@id":"https:\/\/fundacionhumanismoyciencia.org\/#organization","name":"Fundaci\u00f3n humanismo y ciencia","url":"https:\/\/fundacionhumanismoyciencia.org\/","logo":{"@type":"ImageObject","inLanguage":"en-GB","@id":"https:\/\/fundacionhumanismoyciencia.org\/#\/schema\/logo\/image\/","url":"https:\/\/fundacionhumanismoyciencia.org\/wp-content\/uploads\/2024\/01\/Logo_Cabecera_15.png","contentUrl":"https:\/\/fundacionhumanismoyciencia.org\/wp-content\/uploads\/2024\/01\/Logo_Cabecera_15.png","width":504,"height":76,"caption":"Fundaci\u00f3n humanismo y ciencia"},"image":{"@id":"https:\/\/fundacionhumanismoyciencia.org\/#\/schema\/logo\/image\/"},"sameAs":["https:\/\/www.facebook.com\/fundacionhumanismoyciencia","https:\/\/www.instagram.com\/fundacionhumanismoyciencia_\/","https:\/\/www.linkedin.com\/company\/fundacion-humanismo-y-ciencia\/","https:\/\/www.youtube.com\/@fundacion_humanismo_ciencia"]}]}},"_links":{"self":[{"href":"https:\/\/fundacionhumanismoyciencia.org\/en\/wp-json\/wp\/v2\/pages\/3058","targetHints":{"allow":["GET"]}}],"collection":[{"href":"https:\/\/fundacionhumanismoyciencia.org\/en\/wp-json\/wp\/v2\/pages"}],"about":[{"href":"https:\/\/fundacionhumanismoyciencia.org\/en\/wp-json\/wp\/v2\/types\/page"}],"author":[{"embeddable":true,"href":"https:\/\/fundacionhumanismoyciencia.org\/en\/wp-json\/wp\/v2\/users\/2"}],"replies":[{"embeddable":true,"href":"https:\/\/fundacionhumanismoyciencia.org\/en\/wp-json\/wp\/v2\/comments?post=3058"}],"version-history":[{"count":23,"href":"https:\/\/fundacionhumanismoyciencia.org\/en\/wp-json\/wp\/v2\/pages\/3058\/revisions"}],"predecessor-version":[{"id":3202,"href":"https:\/\/fundacionhumanismoyciencia.org\/en\/wp-json\/wp\/v2\/pages\/3058\/revisions\/3202"}],"wp:attachment":[{"href":"https:\/\/fundacionhumanismoyciencia.org\/en\/wp-json\/wp\/v2\/media?parent=3058"}],"curies":[{"name":"wp","href":"https:\/\/api.w.org\/{rel}","templated":true}]}}