{"id":3,"date":"2024-01-11T15:42:12","date_gmt":"2024-01-11T14:42:12","guid":{"rendered":"https:\/\/fundacionhumanismoyciencia.org\/?page_id=3"},"modified":"2024-10-17T16:04:15","modified_gmt":"2024-10-17T14:04:15","slug":"politica-privacidad","status":"publish","type":"page","link":"https:\/\/fundacionhumanismoyciencia.org\/en\/politica-privacidad\/","title":{"rendered":"Pol\u00edtica de privacidad"},"content":{"rendered":"<div data-elementor-type=\"wp-page\" data-elementor-id=\"3\" class=\"elementor elementor-3\" data-elementor-post-type=\"page\">\n\t\t\t\t<div class=\"elementor-element elementor-element-cda843b e-flex e-con-boxed e-con e-parent\" data-id=\"cda843b\" data-element_type=\"container\" data-e-type=\"container\" data-settings=\"{&quot;background_background&quot;:&quot;classic&quot;}\">\n\t\t\t\t\t<div class=\"e-con-inner\">\n\t\t\t\t<div class=\"elementor-element elementor-element-0d77bda elementor-widget elementor-widget-text-editor\" data-id=\"0d77bda\" data-element_type=\"widget\" data-e-type=\"widget\" data-widget_type=\"text-editor.default\">\n\t\t\t\t<div class=\"elementor-widget-container\">\n\t\t\t\t\t\t\t\t\t<header><h2>Pol\u00edtica de Privacidad<\/h2><\/header><div class=\"\"><div class=\"\"><h4>Protecci\u00f3n de datos<\/h4><p>En cumplimiento del Reglamento (UE) 2016\/679 del Parlamento Europeo y del Consejo, de 27 de abril de 2016, de la Ley Org\u00e1nica 3\/2018, de 5 de diciembre, de Protecci\u00f3n de Datos Personales y garant\u00eda de los derechos digitales, y dem\u00e1s normativa vigente en materia de protecci\u00f3n de datos, ponemos en su conocimiento que el responsable del tratamiento de sus datos es el siguiente:<\/p><ul><li>FUNDACI\u00d3N HUMANISMO Y CIENCIA<\/li><li>CIF: G-81795080<\/li><li>Domicilio: Guzman el Bueno, 66; Madrid 28015<\/li><li>Correo electr\u00f3nico de contacto para el ejercicio de los derechos sobre datos personales: info@fundacionhumanismoyciencia.org<\/li><\/ul><h4>Finalidades<\/h4><p>Fundaci\u00f3n Humanismo y Ciencia le informa de que los datos de car\u00e1cter personal cuyo tratamiento se realiza en concepto de responsable o encargado tienen como finalidad gestionar las relaciones contractuales de las que es parte, as\u00ed como ofrecer a las personas y entidades interesadas cualquier informaci\u00f3n sobre actividades, productos y servicios relacionados con Fundaci\u00f3n Humanismo y Ciencia, especialmente los referidos a:<\/p><ul><li>Atenci\u00f3n a consultas<\/li><\/ul><p>Las comunicaciones indicadas podr\u00e1n ser realizadas por cualquier medio, incluidos los medios electr\u00f3nicos. El interesado deber\u00e1 autorizar el env\u00edo de comunicaciones de forma expl\u00edcita, mediante el marcado de las correspondientes casillas, en cualquiera de los formularios de solicitud de datos que se proporcionen.<\/p><h4>Conservaci\u00f3n de los datos<\/h4><p>Los datos personales proporcionados se conservar\u00e1n y tratar\u00e1n en la medida que sean necesarios a fin de poder utilizarlos seg\u00fan la finalidad por la que fueron recabados y seg\u00fan la base jur\u00eddica del tratamiento de los mismos de acuerdo con la ley aplicable.<\/p><p>Los datos personales se mantendr\u00e1n mientras exista una relaci\u00f3n o mientras no ejerza su derecho de supresi\u00f3n, cancelaci\u00f3n y\/o limitaci\u00f3n del tratamiento de sus datos. En estos casos, bloquearemos sus datos, sin darle ning\u00fan uso, mientras pueda ser necesaria para el ejercicio o defensa de reclamaciones o pueda derivarse alg\u00fan tipo de responsabilidad judicial, legal o contractual de su tratamiento, que deba ser atendida y para lo cual sea necesaria su recuperaci\u00f3n.<\/p><h4>Destinatarios a los que se les comunica los datos<\/h4><p>No se ceder\u00e1n datos a terceros, salvo que exista una obligaci\u00f3n legal.<\/p><h4>Legitimaci\u00f3n para el tratamiento de sus datos<\/h4><p>La base legal para el tratamiento de los datos de los que Fundaci\u00f3n Humanismo y Ciencia es responsable tiene como fundamento la ejecuci\u00f3n de un contrato, su inter\u00e9s leg\u00edtimo o bien, el consentimiento expreso, inequ\u00edvoco e informado del interesado, en caso de no existir una relaci\u00f3n contractual previa.<\/p><h4>Derechos del interesado<\/h4><p>Cualquier persona tiene derecho a obtener confirmaci\u00f3n sobre si en Fundaci\u00f3n Humanismo y Ciencia estamos tratando datos personales que le conciernan o no. Los interesados tienen derecho a\u00a0acceder\u00a0a sus datos personales as\u00ed como a solicitar la\u00a0rectificaci\u00f3n\u00a0de datos inexactos o, en su caso, solicitar su\u00a0supresi\u00f3n\u00a0cuando, entre otros motivos, los datos ya no sean necesarios para los fines para los que fueron recogidos.<\/p><p>En determinadas circunstancias y por motivos relacionados con su situaci\u00f3n particular, los interesados podr\u00e1n\u00a0oponerse\u00a0al tratamiento de sus datos. En este caso, Fundaci\u00f3n Humanismo y Ciencia dejar\u00e1 de tratar los datos, salvo por motivos leg\u00edtimos, imperiosos, o el ejercicio o defensa de posibles reclamaciones, y los mantendremos debidamente bloqueados durante el plazo correspondiente mientras persistan las obligaciones legales.<\/p><p>En determinadas circunstancias, los clientes o interesados podr\u00e1n solicitar la\u00a0limitaci\u00f3n del tratamiento, de modo que Fundaci\u00f3n Humanismo y Ciencia s\u00f3lo los reservar\u00e1 y utilizar\u00e1 en los casos autorizados por la Ley.<\/p><p>Los interesados tienen derecho a la portabilidad de sus datos de modo que pueden solicitar y recibir los datos que le incumban y que nos haya facilitado o solicitar que se los enviemos a otro responsable del tratamiento de su elecci\u00f3n, en un formato estructurado de uso com\u00fan y lectura mec\u00e1nica.<\/p><p>El interesado podr\u00e1 ejercer cualquiera de estos derechos mediante el env\u00edo de un correo electr\u00f3nico a la direcci\u00f3n info@fundacionhumanismoyciencia.org, adjuntando copia del DNI o documento identificativo sustitutorio e indicando claramente el derecho al que se refiera. Asimismo podr\u00e1 realizar la solicitud por correo postal a la direcci\u00f3n indicada anteriormente.<\/p><p>La respuesta a las peticiones que se realicen se llevar\u00e1 a cabo con la mayor brevedad posible y, en todo caso, en el plazo de un mes desde la recepci\u00f3n de su solicitud. Dicho plazo podr\u00e1 prorrogarse otros dos meses en caso necesario, teniendo en cuenta la complejidad y el n\u00famero de solicitudes. El responsable informar\u00e1 al interesado de la pr\u00f3rroga dentro del primer mes desde la solicitud.<\/p><p>Cuando no haya obtenido satisfacci\u00f3n en el ejercicio de sus derechos, los interesados tienen derecho a presentar una reclamaci\u00f3n ante la Autoridad Nacional de Control, a estos efectos debe dirigirse ante la Agencia Espa\u00f1ola de Protecci\u00f3n de Datos, en la forma establecida en su web\u00a0<a href=\"http:\/\/www.aepd.es\/\">www.aepd.es<\/a>.<\/p><\/div><\/div>\t\t\t\t\t\t\t\t<\/div>\n\t\t\t\t<\/div>\n\t\t\t\t\t<\/div>\n\t\t\t\t<\/div>\n\t\t\t\t<\/div>","protected":false},"excerpt":{"rendered":"<p>Pol\u00edtica de Privacidad Protecci\u00f3n de datos En cumplimiento del Reglamento (UE) 2016\/679 del Parlamento Europeo y del Consejo, de 27 de abril de 2016, de la Ley Org\u00e1nica 3\/2018, de 5 de diciembre, de Protecci\u00f3n de Datos Personales y garant\u00eda de los derechos digitales, y dem\u00e1s normativa vigente en materia de protecci\u00f3n de datos, ponemos [&hellip;]<\/p>\n","protected":false},"author":1,"featured_media":0,"parent":0,"menu_order":0,"comment_status":"closed","ping_status":"closed","template":"","meta":{"_acf_changed":false,"footnotes":""},"class_list":["post-3","page","type-page","status-publish","hentry"],"acf":[],"yoast_head":"<!-- This site is optimized with the Yoast SEO plugin v27.1.1 - https:\/\/yoast.com\/product\/yoast-seo-wordpress\/ -->\n<title>Pol\u00edtica de privacidad - Fundaci\u00f3n humanismo y ciencia<\/title>\n<meta name=\"robots\" content=\"noindex, nofollow\" \/>\n<meta property=\"og:locale\" content=\"en_GB\" \/>\n<meta property=\"og:type\" content=\"article\" \/>\n<meta property=\"og:title\" content=\"Pol\u00edtica de privacidad - Fundaci\u00f3n humanismo y ciencia\" \/>\n<meta property=\"og:description\" content=\"Pol\u00edtica de Privacidad Protecci\u00f3n de datos En cumplimiento del Reglamento (UE) 2016\/679 del Parlamento Europeo y del Consejo, de 27 de abril de 2016, de la Ley Org\u00e1nica 3\/2018, de 5 de diciembre, de Protecci\u00f3n de Datos Personales y garant\u00eda de los derechos digitales, y dem\u00e1s normativa vigente en materia de protecci\u00f3n de datos, ponemos [&hellip;]\" \/>\n<meta property=\"og:url\" content=\"https:\/\/fundacionhumanismoyciencia.org\/en\/politica-privacidad\/\" \/>\n<meta property=\"og:site_name\" content=\"Fundaci\u00f3n humanismo y ciencia\" \/>\n<meta property=\"article:publisher\" content=\"https:\/\/www.facebook.com\/fundacionhumanismoyciencia\" \/>\n<meta property=\"article:modified_time\" content=\"2024-10-17T14:04:15+00:00\" \/>\n<meta name=\"twitter:card\" content=\"summary_large_image\" \/>\n<meta name=\"twitter:label1\" content=\"Estimated reading time\" \/>\n\t<meta name=\"twitter:data1\" content=\"4 minutes\" \/>\n<script type=\"application\/ld+json\" class=\"yoast-schema-graph\">{\"@context\":\"https:\/\/schema.org\",\"@graph\":[{\"@type\":\"WebPage\",\"@id\":\"https:\/\/fundacionhumanismoyciencia.org\/politica-privacidad\/\",\"url\":\"https:\/\/fundacionhumanismoyciencia.org\/politica-privacidad\/\",\"name\":\"Pol\u00edtica de privacidad - Fundaci\u00f3n humanismo y ciencia\",\"isPartOf\":{\"@id\":\"https:\/\/fundacionhumanismoyciencia.org\/#website\"},\"datePublished\":\"2024-01-11T14:42:12+00:00\",\"dateModified\":\"2024-10-17T14:04:15+00:00\",\"breadcrumb\":{\"@id\":\"https:\/\/fundacionhumanismoyciencia.org\/politica-privacidad\/#breadcrumb\"},\"inLanguage\":\"en-GB\",\"potentialAction\":[{\"@type\":\"ReadAction\",\"target\":[\"https:\/\/fundacionhumanismoyciencia.org\/politica-privacidad\/\"]}]},{\"@type\":\"BreadcrumbList\",\"@id\":\"https:\/\/fundacionhumanismoyciencia.org\/politica-privacidad\/#breadcrumb\",\"itemListElement\":[{\"@type\":\"ListItem\",\"position\":1,\"name\":\"Portada\",\"item\":\"https:\/\/fundacionhumanismoyciencia.org\/\"},{\"@type\":\"ListItem\",\"position\":2,\"name\":\"Pol\u00edtica de privacidad\"}]},{\"@type\":\"WebSite\",\"@id\":\"https:\/\/fundacionhumanismoyciencia.org\/#website\",\"url\":\"https:\/\/fundacionhumanismoyciencia.org\/\",\"name\":\"Fundaci\u00f3n humanismo y ciencia\",\"description\":\"\",\"publisher\":{\"@id\":\"https:\/\/fundacionhumanismoyciencia.org\/#organization\"},\"potentialAction\":[{\"@type\":\"SearchAction\",\"target\":{\"@type\":\"EntryPoint\",\"urlTemplate\":\"https:\/\/fundacionhumanismoyciencia.org\/?s={search_term_string}\"},\"query-input\":{\"@type\":\"PropertyValueSpecification\",\"valueRequired\":true,\"valueName\":\"search_term_string\"}}],\"inLanguage\":\"en-GB\"},{\"@type\":\"Organization\",\"@id\":\"https:\/\/fundacionhumanismoyciencia.org\/#organization\",\"name\":\"Fundaci\u00f3n humanismo y ciencia\",\"url\":\"https:\/\/fundacionhumanismoyciencia.org\/\",\"logo\":{\"@type\":\"ImageObject\",\"inLanguage\":\"en-GB\",\"@id\":\"https:\/\/fundacionhumanismoyciencia.org\/#\/schema\/logo\/image\/\",\"url\":\"https:\/\/fundacionhumanismoyciencia.org\/wp-content\/uploads\/2024\/01\/Logo_Cabecera_15.png\",\"contentUrl\":\"https:\/\/fundacionhumanismoyciencia.org\/wp-content\/uploads\/2024\/01\/Logo_Cabecera_15.png\",\"width\":504,\"height\":76,\"caption\":\"Fundaci\u00f3n humanismo y ciencia\"},\"image\":{\"@id\":\"https:\/\/fundacionhumanismoyciencia.org\/#\/schema\/logo\/image\/\"},\"sameAs\":[\"https:\/\/www.facebook.com\/fundacionhumanismoyciencia\",\"https:\/\/www.instagram.com\/fundacionhumanismoyciencia_\/\",\"https:\/\/www.linkedin.com\/company\/fundacion-humanismo-y-ciencia\/\",\"https:\/\/www.youtube.com\/@fundacion_humanismo_ciencia\"]}]}<\/script>\n<!-- \/ Yoast SEO plugin. -->","yoast_head_json":{"title":"Pol\u00edtica de privacidad - Fundaci\u00f3n humanismo y ciencia","robots":{"index":"noindex","follow":"nofollow"},"og_locale":"en_GB","og_type":"article","og_title":"Pol\u00edtica de privacidad - Fundaci\u00f3n humanismo y ciencia","og_description":"Pol\u00edtica de Privacidad Protecci\u00f3n de datos En cumplimiento del Reglamento (UE) 2016\/679 del Parlamento Europeo y del Consejo, de 27 de abril de 2016, de la Ley Org\u00e1nica 3\/2018, de 5 de diciembre, de Protecci\u00f3n de Datos Personales y garant\u00eda de los derechos digitales, y dem\u00e1s normativa vigente en materia de protecci\u00f3n de datos, ponemos [&hellip;]","og_url":"https:\/\/fundacionhumanismoyciencia.org\/en\/politica-privacidad\/","og_site_name":"Fundaci\u00f3n humanismo y ciencia","article_publisher":"https:\/\/www.facebook.com\/fundacionhumanismoyciencia","article_modified_time":"2024-10-17T14:04:15+00:00","twitter_card":"summary_large_image","twitter_misc":{"Estimated reading time":"4 minutes"},"schema":{"@context":"https:\/\/schema.org","@graph":[{"@type":"WebPage","@id":"https:\/\/fundacionhumanismoyciencia.org\/politica-privacidad\/","url":"https:\/\/fundacionhumanismoyciencia.org\/politica-privacidad\/","name":"Pol\u00edtica de privacidad - Fundaci\u00f3n humanismo y ciencia","isPartOf":{"@id":"https:\/\/fundacionhumanismoyciencia.org\/#website"},"datePublished":"2024-01-11T14:42:12+00:00","dateModified":"2024-10-17T14:04:15+00:00","breadcrumb":{"@id":"https:\/\/fundacionhumanismoyciencia.org\/politica-privacidad\/#breadcrumb"},"inLanguage":"en-GB","potentialAction":[{"@type":"ReadAction","target":["https:\/\/fundacionhumanismoyciencia.org\/politica-privacidad\/"]}]},{"@type":"BreadcrumbList","@id":"https:\/\/fundacionhumanismoyciencia.org\/politica-privacidad\/#breadcrumb","itemListElement":[{"@type":"ListItem","position":1,"name":"Portada","item":"https:\/\/fundacionhumanismoyciencia.org\/"},{"@type":"ListItem","position":2,"name":"Pol\u00edtica de privacidad"}]},{"@type":"WebSite","@id":"https:\/\/fundacionhumanismoyciencia.org\/#website","url":"https:\/\/fundacionhumanismoyciencia.org\/","name":"Fundaci\u00f3n humanismo y ciencia","description":"","publisher":{"@id":"https:\/\/fundacionhumanismoyciencia.org\/#organization"},"potentialAction":[{"@type":"SearchAction","target":{"@type":"EntryPoint","urlTemplate":"https:\/\/fundacionhumanismoyciencia.org\/?s={search_term_string}"},"query-input":{"@type":"PropertyValueSpecification","valueRequired":true,"valueName":"search_term_string"}}],"inLanguage":"en-GB"},{"@type":"Organization","@id":"https:\/\/fundacionhumanismoyciencia.org\/#organization","name":"Fundaci\u00f3n humanismo y ciencia","url":"https:\/\/fundacionhumanismoyciencia.org\/","logo":{"@type":"ImageObject","inLanguage":"en-GB","@id":"https:\/\/fundacionhumanismoyciencia.org\/#\/schema\/logo\/image\/","url":"https:\/\/fundacionhumanismoyciencia.org\/wp-content\/uploads\/2024\/01\/Logo_Cabecera_15.png","contentUrl":"https:\/\/fundacionhumanismoyciencia.org\/wp-content\/uploads\/2024\/01\/Logo_Cabecera_15.png","width":504,"height":76,"caption":"Fundaci\u00f3n humanismo y ciencia"},"image":{"@id":"https:\/\/fundacionhumanismoyciencia.org\/#\/schema\/logo\/image\/"},"sameAs":["https:\/\/www.facebook.com\/fundacionhumanismoyciencia","https:\/\/www.instagram.com\/fundacionhumanismoyciencia_\/","https:\/\/www.linkedin.com\/company\/fundacion-humanismo-y-ciencia\/","https:\/\/www.youtube.com\/@fundacion_humanismo_ciencia"]}]}},"_links":{"self":[{"href":"https:\/\/fundacionhumanismoyciencia.org\/en\/wp-json\/wp\/v2\/pages\/3","targetHints":{"allow":["GET"]}}],"collection":[{"href":"https:\/\/fundacionhumanismoyciencia.org\/en\/wp-json\/wp\/v2\/pages"}],"about":[{"href":"https:\/\/fundacionhumanismoyciencia.org\/en\/wp-json\/wp\/v2\/types\/page"}],"author":[{"embeddable":true,"href":"https:\/\/fundacionhumanismoyciencia.org\/en\/wp-json\/wp\/v2\/users\/1"}],"replies":[{"embeddable":true,"href":"https:\/\/fundacionhumanismoyciencia.org\/en\/wp-json\/wp\/v2\/comments?post=3"}],"version-history":[{"count":11,"href":"https:\/\/fundacionhumanismoyciencia.org\/en\/wp-json\/wp\/v2\/pages\/3\/revisions"}],"predecessor-version":[{"id":3528,"href":"https:\/\/fundacionhumanismoyciencia.org\/en\/wp-json\/wp\/v2\/pages\/3\/revisions\/3528"}],"wp:attachment":[{"href":"https:\/\/fundacionhumanismoyciencia.org\/en\/wp-json\/wp\/v2\/media?parent=3"}],"curies":[{"name":"wp","href":"https:\/\/api.w.org\/{rel}","templated":true}]}}